{"id":5891,"date":"2025-08-12T19:19:07","date_gmt":"2025-08-12T19:19:07","guid":{"rendered":"https:\/\/securityhnos.com.ar\/home\/product\/mameluco-lakeland-micromax-ns-con-reflectivo\/"},"modified":"2025-10-01T10:53:31","modified_gmt":"2025-10-01T13:53:31","slug":"mameluco-lakeland-micromax-ns-con-reflectivo","status":"publish","type":"product","link":"https:\/\/securityhnos.com.ar\/home\/product\/mameluco-lakeland-micromax-ns-con-reflectivo\/","title":{"rendered":"Mameluco Lakeland Micromax Ns Con Reflectivo"},"content":{"rendered":"","protected":false},"excerpt":{"rendered":"<p>MicroMax NS overol con elastico en capucha, pu\u00f1os, cintura y tobillos. Reflectivo en mangas, hombros, cuerpo y botamanga. El laminado de pel\u00edcula microporosa ligero y flexible de alta calidad ofrece una excelente combinaci\u00f3n de protecci\u00f3n y confort. La alta tasa de transmisi\u00f3n de vapor de humedad (MTVR) permite el escape de vapor para mantener la comodidad. La tela pasa todos las pruebas en el est\u00e1ndar de agente infeccioso EN 14126. Estilo ergon\u00f3mico \u201cSuper-B\u201d de Lakeland: combinaci\u00f3n \u00fanica de tres elementos de dise\u00f1o para optimizar el ajuste, la durabilidad y la libertad de movimiento.<\/p>\n<p><strong>Materiales: <\/strong>Micromax laminado de pel\u00edcula microporosa ligero y flexible de alta calidad<\/p>\n<p><strong>Marca: <\/strong>LAKELAND<\/p>\n<p><strong>Norma: <\/strong>EN 14126<\/p>\n[fusion_button link=\"\/wp-content\/uploads\/fichas-tecnicas\/73c18add2a5c6fcb219137db2bd9b114.pdf\" enable_hover_text_icon=\"yes\" hover_text=\"\" title=\"\" target=\"_blank\" link_attributes=\"\" aria_role_button=\"0\" alignment_medium=\"\" alignment_small=\"\" alignment=\"\" modal=\"\" hide_on_mobile=\"small-visibility,medium-visibility,large-visibility\" sticky_display=\"normal,sticky\" class=\"\" id=\"\" color=\"default\" button_gradient_top_color_hover=\"\" hue=\"\" saturation=\"\" lightness=\"\" alpha=\"\" button_gradient_top_color=\"\" button_gradient_bottom_color_hover=\"\" button_gradient_bottom_color=\"\" gradient_start_position=\"\" gradient_end_position=\"\" gradient_type=\"\" radial_direction=\"\" linear_angle=\"\" accent_hover_color=\"\" accent_color=\"\" type=\"\" bevel_color=\"\" bevel_color_hover=\"\" border_top=\"\" border_right=\"\" border_bottom=\"\" border_left=\"\" border_radius_top_left=\"\" border_radius_top_right=\"\" border_radius_bottom_right=\"\" border_radius_bottom_left=\"\" border_hover_color=\"\" border_color=\"\" size=\"\" padding_top=\"\" padding_right=\"\" padding_bottom=\"\" padding_left=\"\" fusion_font_family_button_font=\"\" fusion_font_variant_button_font=\"\" font_size=\"\" line_height=\"\" letter_spacing=\"\" text_transform=\"\" stretch=\"default\" margin_top=\"\" margin_right=\"\" margin_bottom=\"\" margin_left=\"\" icon=\"fa-arrow-down fas\" hover_icon=\"fa-chevron-circle-down fas\" icon_position=\"left\" icon_divider=\"no\" hover_transition=\"none\" animation_type=\"\" animation_direction=\"left\" animation_color=\"\" animation_speed=\"0.3\" animation_delay=\"0\" animation_offset=\"\"]Descargar ficha t\u00e9cnica[\/fusion_button]\n","protected":false},"featured_media":5889,"comment_status":"open","ping_status":"closed","template":"","meta":[],"product_brand":[302],"product_cat":[188],"product_tag":[],"class_list":{"0":"post-5891","1":"product","2":"type-product","3":"status-publish","4":"has-post-thumbnail","6":"product_brand-lakeland","7":"product_cat-epp","9":"first","10":"instock","11":"shipping-taxable","12":"purchasable","13":"product-type-variable","14":"has-default-attributes"},"_links":{"self":[{"href":"https:\/\/securityhnos.com.ar\/home\/wp-json\/wp\/v2\/product\/5891","targetHints":{"allow":["GET"]}}],"collection":[{"href":"https:\/\/securityhnos.com.ar\/home\/wp-json\/wp\/v2\/product"}],"about":[{"href":"https:\/\/securityhnos.com.ar\/home\/wp-json\/wp\/v2\/types\/product"}],"replies":[{"embeddable":true,"href":"https:\/\/securityhnos.com.ar\/home\/wp-json\/wp\/v2\/comments?post=5891"}],"wp:featuredmedia":[{"embeddable":true,"href":"https:\/\/securityhnos.com.ar\/home\/wp-json\/wp\/v2\/media\/5889"}],"wp:attachment":[{"href":"https:\/\/securityhnos.com.ar\/home\/wp-json\/wp\/v2\/media?parent=5891"}],"wp:term":[{"taxonomy":"product_brand","embeddable":true,"href":"https:\/\/securityhnos.com.ar\/home\/wp-json\/wp\/v2\/product_brand?post=5891"},{"taxonomy":"product_cat","embeddable":true,"href":"https:\/\/securityhnos.com.ar\/home\/wp-json\/wp\/v2\/product_cat?post=5891"},{"taxonomy":"product_tag","embeddable":true,"href":"https:\/\/securityhnos.com.ar\/home\/wp-json\/wp\/v2\/product_tag?post=5891"}],"curies":[{"name":"wp","href":"https:\/\/api.w.org\/{rel}","templated":true}]}}