{"id":5881,"date":"2025-08-12T19:16:05","date_gmt":"2025-08-12T19:16:05","guid":{"rendered":"https:\/\/securityhnos.com.ar\/home\/product\/linterna-led-antiexplosiva-para-casco-90-lumenes-mod-xpp-5450g\/"},"modified":"2025-09-18T16:20:09","modified_gmt":"2025-09-18T19:20:09","slug":"linterna-led-antiexplosiva-para-casco-90-lumenes-mod-xpp-5450g","status":"publish","type":"product","link":"https:\/\/securityhnos.com.ar\/home\/product\/linterna-led-antiexplosiva-para-casco-90-lumenes-mod-xpp-5450g\/","title":{"rendered":"Linterna Led Antiexplosiva Para Casco 90 Lumenes Mod. Xpp-5450G"},"content":{"rendered":"","protected":false},"excerpt":{"rendered":"<p>2 Focos, uno de alto brillo y otro de bajo brillo  Haz de foco enfocado para iluminaci\u00f3n de distancia  Interruptor individual ubicado en la parte superior de la luz  Cabezal de inclinaci\u00f3n de trinquete ajustable  Correa para la cabeza el\u00e1stica antideslizante  Correa de caucho resistente para aplicaciones de casco  A prueba de polvo \/ a prueba de agua (waterproof)  Resistencia qu\u00edmica y al impacto  Funciona con 3 pilas AAA (no incluidas)<\/p>\n<p><strong>Marca: <\/strong>NIGHTSTICK<\/p>\n<p><strong>Norma: <\/strong>Certificada<\/p>\n[fusion_button link=\"https:\/\/www.securityhnos.com.ar\/#\" enable_hover_text_icon=\"yes\" hover_text=\"\" title=\"\" target=\"_blank\" link_attributes=\"\" aria_role_button=\"0\" alignment_medium=\"\" alignment_small=\"\" alignment=\"\" modal=\"\" hide_on_mobile=\"small-visibility,medium-visibility,large-visibility\" sticky_display=\"normal,sticky\" class=\"\" id=\"\" color=\"default\" button_gradient_top_color_hover=\"\" hue=\"\" saturation=\"\" lightness=\"\" alpha=\"\" button_gradient_top_color=\"\" button_gradient_bottom_color_hover=\"\" button_gradient_bottom_color=\"\" gradient_start_position=\"\" gradient_end_position=\"\" gradient_type=\"\" radial_direction=\"\" linear_angle=\"\" accent_hover_color=\"\" accent_color=\"\" type=\"\" bevel_color=\"\" bevel_color_hover=\"\" border_top=\"\" border_right=\"\" border_bottom=\"\" border_left=\"\" border_radius_top_left=\"\" border_radius_top_right=\"\" border_radius_bottom_right=\"\" border_radius_bottom_left=\"\" border_hover_color=\"\" border_color=\"\" size=\"\" padding_top=\"\" padding_right=\"\" padding_bottom=\"\" padding_left=\"\" fusion_font_family_button_font=\"\" fusion_font_variant_button_font=\"\" font_size=\"\" line_height=\"\" letter_spacing=\"\" text_transform=\"\" stretch=\"default\" margin_top=\"\" margin_right=\"\" margin_bottom=\"\" margin_left=\"\" icon=\"fa-arrow-down fas\" hover_icon=\"fa-chevron-circle-down fas\" icon_position=\"left\" icon_divider=\"no\" hover_transition=\"none\" animation_type=\"\" animation_direction=\"left\" animation_color=\"\" animation_speed=\"0.3\" animation_delay=\"0\" animation_offset=\"\"]Descargar ficha t\u00e9cnica[\/fusion_button]\n","protected":false},"featured_media":5879,"comment_status":"open","ping_status":"closed","template":"","meta":[],"product_brand":[300],"product_cat":[188,201],"product_tag":[],"class_list":{"0":"post-5881","1":"product","2":"type-product","3":"status-publish","4":"has-post-thumbnail","6":"product_brand-nightstick","7":"product_cat-epp","8":"product_cat-varios","10":"first","11":"outofstock","12":"shipping-taxable","13":"product-type-variable"},"_links":{"self":[{"href":"https:\/\/securityhnos.com.ar\/home\/wp-json\/wp\/v2\/product\/5881","targetHints":{"allow":["GET"]}}],"collection":[{"href":"https:\/\/securityhnos.com.ar\/home\/wp-json\/wp\/v2\/product"}],"about":[{"href":"https:\/\/securityhnos.com.ar\/home\/wp-json\/wp\/v2\/types\/product"}],"replies":[{"embeddable":true,"href":"https:\/\/securityhnos.com.ar\/home\/wp-json\/wp\/v2\/comments?post=5881"}],"wp:featuredmedia":[{"embeddable":true,"href":"https:\/\/securityhnos.com.ar\/home\/wp-json\/wp\/v2\/media\/5879"}],"wp:attachment":[{"href":"https:\/\/securityhnos.com.ar\/home\/wp-json\/wp\/v2\/media?parent=5881"}],"wp:term":[{"taxonomy":"product_brand","embeddable":true,"href":"https:\/\/securityhnos.com.ar\/home\/wp-json\/wp\/v2\/product_brand?post=5881"},{"taxonomy":"product_cat","embeddable":true,"href":"https:\/\/securityhnos.com.ar\/home\/wp-json\/wp\/v2\/product_cat?post=5881"},{"taxonomy":"product_tag","embeddable":true,"href":"https:\/\/securityhnos.com.ar\/home\/wp-json\/wp\/v2\/product_tag?post=5881"}],"curies":[{"name":"wp","href":"https:\/\/api.w.org\/{rel}","templated":true}]}}