{"id":5827,"date":"2025-08-12T19:02:30","date_gmt":"2025-08-12T19:02:30","guid":{"rendered":"https:\/\/securityhnos.com.ar\/home\/product\/traje-impermeable-royal-linea-premium\/"},"modified":"2026-04-06T09:59:03","modified_gmt":"2026-04-06T12:59:03","slug":"traje-impermeable-royal-linea-premium","status":"publish","type":"product","link":"https:\/\/securityhnos.com.ar\/home\/product\/traje-impermeable-royal-linea-premium\/","title":{"rendered":"Traje Impermeable Royal Linea Premium"},"content":{"rendered":"","protected":false},"excerpt":{"rendered":"<p>Chaqueta con capucha fija incorporada en el cuello. Doble cierre con solapa y broches a presi\u00f3n. Ventilaci\u00f3n en axilas y espalda. Doble pu\u00f1o. Dos bolsillos solapa. Dos bolsillos con pasamanos. Pantal\u00f3n con el\u00e1stico en la cintura. Botamanga ajustable con broches a presi\u00f3n. Cinta reflectiva de 2 cm de ancho. Costuras cosidas y termoselladas<\/p>\n<p><strong>Materiales: <\/strong>PVC \/ Poliester<\/p>\n<p><strong>Marca: <\/strong>LEMBU<\/p>\n[fusion_button link=\"\/wp-content\/uploads\/fichas-tecnicas\/dbbcf7a0025b196f441332e972f90e9d.pdf\" enable_hover_text_icon=\"yes\" hover_text=\"\" title=\"\" target=\"_blank\" link_attributes=\"\" aria_role_button=\"0\" alignment_medium=\"\" alignment_small=\"\" alignment=\"\" modal=\"\" hide_on_mobile=\"small-visibility,medium-visibility,large-visibility\" sticky_display=\"normal,sticky\" class=\"\" id=\"\" color=\"default\" button_gradient_top_color_hover=\"\" hue=\"\" saturation=\"\" lightness=\"\" alpha=\"\" button_gradient_top_color=\"\" button_gradient_bottom_color_hover=\"\" button_gradient_bottom_color=\"\" gradient_start_position=\"\" gradient_end_position=\"\" gradient_type=\"\" radial_direction=\"\" linear_angle=\"\" accent_hover_color=\"\" accent_color=\"\" type=\"\" bevel_color=\"\" bevel_color_hover=\"\" border_top=\"\" border_right=\"\" border_bottom=\"\" border_left=\"\" border_radius_top_left=\"\" border_radius_top_right=\"\" border_radius_bottom_right=\"\" border_radius_bottom_left=\"\" border_hover_color=\"\" border_color=\"\" size=\"\" padding_top=\"\" padding_right=\"\" padding_bottom=\"\" padding_left=\"\" fusion_font_family_button_font=\"\" fusion_font_variant_button_font=\"\" font_size=\"\" line_height=\"\" letter_spacing=\"\" text_transform=\"\" stretch=\"default\" margin_top=\"\" margin_right=\"\" margin_bottom=\"\" margin_left=\"\" icon=\"fa-arrow-down fas\" hover_icon=\"fa-chevron-circle-down fas\" icon_position=\"left\" icon_divider=\"no\" hover_transition=\"none\" animation_type=\"\" animation_direction=\"left\" animation_color=\"\" animation_speed=\"0.3\" animation_delay=\"0\" animation_offset=\"\"]Descargar ficha t\u00e9cnica[\/fusion_button]\n","protected":false},"featured_media":5826,"comment_status":"open","ping_status":"closed","template":"","meta":[],"product_brand":[278],"product_cat":[315,172],"product_tag":[],"class_list":{"0":"post-5827","1":"product","2":"type-product","3":"status-publish","4":"has-post-thumbnail","6":"product_brand-lembu","7":"product_cat-impermeables-pvc","8":"product_cat-indumentaria","10":"first","11":"instock","12":"shipping-taxable","13":"purchasable","14":"product-type-variable"},"_links":{"self":[{"href":"https:\/\/securityhnos.com.ar\/home\/wp-json\/wp\/v2\/product\/5827","targetHints":{"allow":["GET"]}}],"collection":[{"href":"https:\/\/securityhnos.com.ar\/home\/wp-json\/wp\/v2\/product"}],"about":[{"href":"https:\/\/securityhnos.com.ar\/home\/wp-json\/wp\/v2\/types\/product"}],"replies":[{"embeddable":true,"href":"https:\/\/securityhnos.com.ar\/home\/wp-json\/wp\/v2\/comments?post=5827"}],"wp:featuredmedia":[{"embeddable":true,"href":"https:\/\/securityhnos.com.ar\/home\/wp-json\/wp\/v2\/media\/5826"}],"wp:attachment":[{"href":"https:\/\/securityhnos.com.ar\/home\/wp-json\/wp\/v2\/media?parent=5827"}],"wp:term":[{"taxonomy":"product_brand","embeddable":true,"href":"https:\/\/securityhnos.com.ar\/home\/wp-json\/wp\/v2\/product_brand?post=5827"},{"taxonomy":"product_cat","embeddable":true,"href":"https:\/\/securityhnos.com.ar\/home\/wp-json\/wp\/v2\/product_cat?post=5827"},{"taxonomy":"product_tag","embeddable":true,"href":"https:\/\/securityhnos.com.ar\/home\/wp-json\/wp\/v2\/product_tag?post=5827"}],"curies":[{"name":"wp","href":"https:\/\/api.w.org\/{rel}","templated":true}]}}