{"id":5485,"date":"2025-08-11T18:43:19","date_gmt":"2025-08-11T18:43:19","guid":{"rendered":"https:\/\/securityhnos.com.ar\/home\/product\/anteojos-msa-luxor-con-inserto-p-lentes-recetados\/"},"modified":"2025-09-18T15:13:09","modified_gmt":"2025-09-18T18:13:09","slug":"anteojos-msa-luxor-con-inserto-p-lentes-recetados","status":"publish","type":"product","link":"https:\/\/securityhnos.com.ar\/home\/product\/anteojos-msa-luxor-con-inserto-p-lentes-recetados\/","title":{"rendered":"Anteojos Msa Luxor Con Inserto P\/Lentes Recetados"},"content":{"rendered":"","protected":false},"excerpt":{"rendered":"<p>El anteojo de seguridad MSA Luxor es un lente monocular con un dise\u00f1o muy moderno y envolvente que maximiza la protecci\u00f3n ocular. Las patillas son pivotantes con extremos de goma para proporcionar un mejor y muy comodo calce. Lentes \u00f3pticos de clase 1, filtran el 99.9% de los rayos da\u00f1inos UV. Pieza para la nariz suave, con grips para evitar deslizamiento. Cuenta con adaptador para incorporar el inserto con lentes recetados. Son excelentes para la protecci\u00f3n contra altos impactos.<\/p>\n<p><strong>Materiales: <\/strong>Policarbonato oftamologico<\/p>\n<p><strong>Marca: <\/strong>MSA<\/p>\n<p><strong>Norma: <\/strong>Est\u00e1ndares ANSI Z87.1-2003 &amp; CE EN166<\/p>\n[fusion_button link=\"\/wp-content\/uploads\/fichas-tecnicas\/86c7afa9acb2f87eb84f3eb7e381fd92.pdf\" enable_hover_text_icon=\"yes\" hover_text=\"\" title=\"\" target=\"_blank\" link_attributes=\"\" aria_role_button=\"0\" alignment_medium=\"\" alignment_small=\"\" alignment=\"\" modal=\"\" hide_on_mobile=\"small-visibility,medium-visibility,large-visibility\" sticky_display=\"normal,sticky\" class=\"\" id=\"\" color=\"default\" button_gradient_top_color_hover=\"\" hue=\"\" saturation=\"\" lightness=\"\" alpha=\"\" button_gradient_top_color=\"\" button_gradient_bottom_color_hover=\"\" button_gradient_bottom_color=\"\" gradient_start_position=\"\" gradient_end_position=\"\" gradient_type=\"\" radial_direction=\"\" linear_angle=\"\" accent_hover_color=\"\" accent_color=\"\" type=\"\" bevel_color=\"\" bevel_color_hover=\"\" border_top=\"\" border_right=\"\" border_bottom=\"\" border_left=\"\" border_radius_top_left=\"\" border_radius_top_right=\"\" border_radius_bottom_right=\"\" border_radius_bottom_left=\"\" border_hover_color=\"\" border_color=\"\" size=\"\" padding_top=\"\" padding_right=\"\" padding_bottom=\"\" padding_left=\"\" fusion_font_family_button_font=\"\" fusion_font_variant_button_font=\"\" font_size=\"\" line_height=\"\" letter_spacing=\"\" text_transform=\"\" stretch=\"default\" margin_top=\"\" margin_right=\"\" margin_bottom=\"\" margin_left=\"\" icon=\"fa-arrow-down fas\" hover_icon=\"fa-chevron-circle-down fas\" icon_position=\"left\" icon_divider=\"no\" hover_transition=\"none\" animation_type=\"\" animation_direction=\"left\" animation_color=\"\" animation_speed=\"0.3\" animation_delay=\"0\" animation_offset=\"\"]Descargar ficha t\u00e9cnica[\/fusion_button]\n","protected":false},"featured_media":5483,"comment_status":"open","ping_status":"closed","template":"","meta":[],"product_brand":[277],"product_cat":[188],"product_tag":[],"class_list":{"0":"post-5485","1":"product","2":"type-product","3":"status-publish","4":"has-post-thumbnail","6":"product_brand-msa","7":"product_cat-epp","9":"first","10":"outofstock","11":"shipping-taxable","12":"product-type-variable"},"_links":{"self":[{"href":"https:\/\/securityhnos.com.ar\/home\/wp-json\/wp\/v2\/product\/5485","targetHints":{"allow":["GET"]}}],"collection":[{"href":"https:\/\/securityhnos.com.ar\/home\/wp-json\/wp\/v2\/product"}],"about":[{"href":"https:\/\/securityhnos.com.ar\/home\/wp-json\/wp\/v2\/types\/product"}],"replies":[{"embeddable":true,"href":"https:\/\/securityhnos.com.ar\/home\/wp-json\/wp\/v2\/comments?post=5485"}],"wp:featuredmedia":[{"embeddable":true,"href":"https:\/\/securityhnos.com.ar\/home\/wp-json\/wp\/v2\/media\/5483"}],"wp:attachment":[{"href":"https:\/\/securityhnos.com.ar\/home\/wp-json\/wp\/v2\/media?parent=5485"}],"wp:term":[{"taxonomy":"product_brand","embeddable":true,"href":"https:\/\/securityhnos.com.ar\/home\/wp-json\/wp\/v2\/product_brand?post=5485"},{"taxonomy":"product_cat","embeddable":true,"href":"https:\/\/securityhnos.com.ar\/home\/wp-json\/wp\/v2\/product_cat?post=5485"},{"taxonomy":"product_tag","embeddable":true,"href":"https:\/\/securityhnos.com.ar\/home\/wp-json\/wp\/v2\/product_tag?post=5485"}],"curies":[{"name":"wp","href":"https:\/\/api.w.org\/{rel}","templated":true}]}}