{"id":5468,"date":"2025-08-11T18:38:48","date_gmt":"2025-08-11T18:38:48","guid":{"rendered":"https:\/\/securityhnos.com.ar\/home\/product\/mameluco-lakeland-chemmax-1eb\/"},"modified":"2025-10-01T10:58:09","modified_gmt":"2025-10-01T13:58:09","slug":"mameluco-lakeland-chemmax-1eb","status":"publish","type":"product","link":"https:\/\/securityhnos.com.ar\/home\/product\/mameluco-lakeland-chemmax-1eb\/","title":{"rendered":"Mameluco Lakeland Chemmax 1Eb"},"content":{"rendered":"","protected":false},"excerpt":{"rendered":"<p>Overol ChemMax 1EB &#8211; cremallera \u00fanica y solapa cubrecremallera; el\u00e1stico en capucha, pu\u00f1os, cintura y tobillos. Tejido muy ligero, suave y flexible. Bajo nivel de ruido: comodidad y seguridad mejoradas. Costuras cosidas y selladas con cinta. Protecci\u00f3n qu\u00edmica de Tipo 3 y 4 muy econ\u00f3mica. Barrera contra agentes infecciosos: supera las cuatro pruebas EN 14126 de peligro biol\u00f3gico en las clases m\u00e1s altas. Overol con cremallera \u00fanica y solapa cubrecremallera. Incluye presillas para los pulgares. Para ser utilizado cuando se requiere protecci\u00f3n contra el rociado de l\u00edquidos de Tipo 4. La prenda tambi\u00e9n ofrece protecci\u00f3n ante sustancias de Tipo 3 si se cubre la solapa de la cremallera con cinta adicional. Overol de estilo \u201cS\u00faper B\u201d mejorado: mejor ajuste y mayor comodidad y durabilidad.<\/p>\n<p><strong>Materiales: <\/strong>53% POLIPROPILENO &#8211; 47% POLIETILENO<\/p>\n<p><strong>Marca: <\/strong>LAKELAND<\/p>\n<p><strong>Norma: <\/strong>Protective Clothing Category III CE 0321 Type 3: EN14605:2005 A1:2009 Type 4: EN14605:2005 A1:2009 Type 5: EN13982-1:2004 A1:2010 Type6: EN13034:2005 A1:2009  EN14126:2003 Type 3-B 4-B 5-B 6-B EN1149-5:2008 EN1149-1:2006 EN1073-2:2002<\/p>\n[fusion_button link=\"\/wp-content\/uploads\/fichas-tecnicas\/2094d343a916a30452cdcc86e18398f2.pdf\" enable_hover_text_icon=\"yes\" hover_text=\"\" title=\"\" target=\"_blank\" link_attributes=\"\" aria_role_button=\"0\" alignment_medium=\"\" alignment_small=\"\" alignment=\"\" modal=\"\" hide_on_mobile=\"small-visibility,medium-visibility,large-visibility\" sticky_display=\"normal,sticky\" class=\"\" id=\"\" color=\"default\" button_gradient_top_color_hover=\"\" hue=\"\" saturation=\"\" lightness=\"\" alpha=\"\" button_gradient_top_color=\"\" button_gradient_bottom_color_hover=\"\" button_gradient_bottom_color=\"\" gradient_start_position=\"\" gradient_end_position=\"\" gradient_type=\"\" radial_direction=\"\" linear_angle=\"\" accent_hover_color=\"\" accent_color=\"\" type=\"\" bevel_color=\"\" bevel_color_hover=\"\" border_top=\"\" border_right=\"\" border_bottom=\"\" border_left=\"\" border_radius_top_left=\"\" border_radius_top_right=\"\" border_radius_bottom_right=\"\" border_radius_bottom_left=\"\" border_hover_color=\"\" border_color=\"\" size=\"\" padding_top=\"\" padding_right=\"\" padding_bottom=\"\" padding_left=\"\" fusion_font_family_button_font=\"\" fusion_font_variant_button_font=\"\" font_size=\"\" line_height=\"\" letter_spacing=\"\" text_transform=\"\" stretch=\"default\" margin_top=\"\" margin_right=\"\" margin_bottom=\"\" margin_left=\"\" icon=\"fa-arrow-down fas\" hover_icon=\"fa-chevron-circle-down fas\" icon_position=\"left\" icon_divider=\"no\" hover_transition=\"none\" animation_type=\"\" animation_direction=\"left\" animation_color=\"\" animation_speed=\"0.3\" animation_delay=\"0\" animation_offset=\"\"]Descargar ficha t\u00e9cnica[\/fusion_button]\n","protected":false},"featured_media":5467,"comment_status":"open","ping_status":"closed","template":"","meta":[],"product_brand":[302],"product_cat":[188],"product_tag":[],"class_list":{"0":"post-5468","1":"product","2":"type-product","3":"status-publish","4":"has-post-thumbnail","6":"product_brand-lakeland","7":"product_cat-epp","9":"first","10":"instock","11":"shipping-taxable","12":"purchasable","13":"product-type-variable"},"_links":{"self":[{"href":"https:\/\/securityhnos.com.ar\/home\/wp-json\/wp\/v2\/product\/5468","targetHints":{"allow":["GET"]}}],"collection":[{"href":"https:\/\/securityhnos.com.ar\/home\/wp-json\/wp\/v2\/product"}],"about":[{"href":"https:\/\/securityhnos.com.ar\/home\/wp-json\/wp\/v2\/types\/product"}],"replies":[{"embeddable":true,"href":"https:\/\/securityhnos.com.ar\/home\/wp-json\/wp\/v2\/comments?post=5468"}],"wp:featuredmedia":[{"embeddable":true,"href":"https:\/\/securityhnos.com.ar\/home\/wp-json\/wp\/v2\/media\/5467"}],"wp:attachment":[{"href":"https:\/\/securityhnos.com.ar\/home\/wp-json\/wp\/v2\/media?parent=5468"}],"wp:term":[{"taxonomy":"product_brand","embeddable":true,"href":"https:\/\/securityhnos.com.ar\/home\/wp-json\/wp\/v2\/product_brand?post=5468"},{"taxonomy":"product_cat","embeddable":true,"href":"https:\/\/securityhnos.com.ar\/home\/wp-json\/wp\/v2\/product_cat?post=5468"},{"taxonomy":"product_tag","embeddable":true,"href":"https:\/\/securityhnos.com.ar\/home\/wp-json\/wp\/v2\/product_tag?post=5468"}],"curies":[{"name":"wp","href":"https:\/\/api.w.org\/{rel}","templated":true}]}}