{"id":5445,"date":"2025-08-11T18:36:30","date_gmt":"2025-08-11T18:36:30","guid":{"rendered":"https:\/\/securityhnos.com.ar\/home\/product\/cenicero-de-seguridad-justrite-26800\/"},"modified":"2025-09-18T15:13:11","modified_gmt":"2025-09-18T18:13:11","slug":"cenicero-de-seguridad-justrite-26800","status":"publish","type":"product","link":"https:\/\/securityhnos.com.ar\/home\/product\/cenicero-de-seguridad-justrite-26800\/","title":{"rendered":"Cenicero De Seguridad Justrite 26800"},"content":{"rendered":"","protected":false},"excerpt":{"rendered":"<p>El cabezal grande disipa el calor (act\u00faa como disipador t\u00e9rmico). La abertura de 38 mm facilita el uso y favorece el orden y limpieza, mientras que la tapa no deja entrar la lluvia ni permite que se ponga otro tipo de basura en el interior. \u00c1rea para apagar el cigarrillo. Las letras moldeadas en relieve identifican claramente la abertura para desechar las colillas de cigarrillo. La gran cavidad interna en forma de cuello largo, evita que se obstruya. La construcci\u00f3n de polietileno de alta densidad, con aditivo ignifugante, requiere poco mantenimiento, no se oxida, no se abolla, no se agrieta, no se pela y tampoco se decolora. El novedoso dise\u00f1o Cease-Fire\u00ae limita el flujo de ox\u00edgeno para apagar de manera segura y r\u00e1pida los cigarrillos y as\u00ed reducir el riesgo de incendio y minimizar el \u201cefecto chimenea\u201d que se produce en otras unidades. El atractivo dise\u00f1o viene en cinco colores de moda y permite ocultar los residuos de cigarrillo. Base ancha de 419 mm que brinda mayor estabilidad. Tiene muescas de amarre moldeadas en ambos lados para brindar seguridad contra robo o condiciones clim\u00e1ticas extremas. Incluye el cubo de acero.<\/p>\n<p><strong>Materiales: <\/strong>Polietileno<\/p>\n<p><strong>Marca: <\/strong>JUSTRITE<\/p>\n<p><strong>Norma: <\/strong>Prueba de fuego y aprobado por FM<\/p>\n[fusion_button link=\"\/wp-content\/uploads\/fichas-tecnicas\/c3e8fdef460e726e685e8d72569fe296.pdf\" enable_hover_text_icon=\"yes\" hover_text=\"\" title=\"\" target=\"_blank\" link_attributes=\"\" aria_role_button=\"0\" alignment_medium=\"\" alignment_small=\"\" alignment=\"\" modal=\"\" hide_on_mobile=\"small-visibility,medium-visibility,large-visibility\" sticky_display=\"normal,sticky\" class=\"\" id=\"\" color=\"default\" button_gradient_top_color_hover=\"\" hue=\"\" saturation=\"\" lightness=\"\" alpha=\"\" button_gradient_top_color=\"\" button_gradient_bottom_color_hover=\"\" button_gradient_bottom_color=\"\" gradient_start_position=\"\" gradient_end_position=\"\" gradient_type=\"\" radial_direction=\"\" linear_angle=\"\" accent_hover_color=\"\" accent_color=\"\" type=\"\" bevel_color=\"\" bevel_color_hover=\"\" border_top=\"\" border_right=\"\" border_bottom=\"\" border_left=\"\" border_radius_top_left=\"\" border_radius_top_right=\"\" border_radius_bottom_right=\"\" border_radius_bottom_left=\"\" border_hover_color=\"\" border_color=\"\" size=\"\" padding_top=\"\" padding_right=\"\" padding_bottom=\"\" padding_left=\"\" fusion_font_family_button_font=\"\" fusion_font_variant_button_font=\"\" font_size=\"\" line_height=\"\" letter_spacing=\"\" text_transform=\"\" stretch=\"default\" margin_top=\"\" margin_right=\"\" margin_bottom=\"\" margin_left=\"\" icon=\"fa-arrow-down fas\" hover_icon=\"fa-chevron-circle-down fas\" icon_position=\"left\" icon_divider=\"no\" hover_transition=\"none\" animation_type=\"\" animation_direction=\"left\" animation_color=\"\" animation_speed=\"0.3\" animation_delay=\"0\" animation_offset=\"\"]Descargar ficha t\u00e9cnica[\/fusion_button]\n","protected":false},"featured_media":5444,"comment_status":"open","ping_status":"closed","template":"","meta":[],"product_brand":[293],"product_cat":[188,201],"product_tag":[],"class_list":{"0":"post-5445","1":"product","2":"type-product","3":"status-publish","4":"has-post-thumbnail","6":"product_brand-justrite","7":"product_cat-epp","8":"product_cat-varios","10":"first","11":"outofstock","12":"shipping-taxable","13":"product-type-variable"},"_links":{"self":[{"href":"https:\/\/securityhnos.com.ar\/home\/wp-json\/wp\/v2\/product\/5445","targetHints":{"allow":["GET"]}}],"collection":[{"href":"https:\/\/securityhnos.com.ar\/home\/wp-json\/wp\/v2\/product"}],"about":[{"href":"https:\/\/securityhnos.com.ar\/home\/wp-json\/wp\/v2\/types\/product"}],"replies":[{"embeddable":true,"href":"https:\/\/securityhnos.com.ar\/home\/wp-json\/wp\/v2\/comments?post=5445"}],"wp:featuredmedia":[{"embeddable":true,"href":"https:\/\/securityhnos.com.ar\/home\/wp-json\/wp\/v2\/media\/5444"}],"wp:attachment":[{"href":"https:\/\/securityhnos.com.ar\/home\/wp-json\/wp\/v2\/media?parent=5445"}],"wp:term":[{"taxonomy":"product_brand","embeddable":true,"href":"https:\/\/securityhnos.com.ar\/home\/wp-json\/wp\/v2\/product_brand?post=5445"},{"taxonomy":"product_cat","embeddable":true,"href":"https:\/\/securityhnos.com.ar\/home\/wp-json\/wp\/v2\/product_cat?post=5445"},{"taxonomy":"product_tag","embeddable":true,"href":"https:\/\/securityhnos.com.ar\/home\/wp-json\/wp\/v2\/product_tag?post=5445"}],"curies":[{"name":"wp","href":"https:\/\/api.w.org\/{rel}","templated":true}]}}