{"id":5438,"date":"2025-08-11T18:36:10","date_gmt":"2025-08-11T18:36:10","guid":{"rendered":"https:\/\/securityhnos.com.ar\/home\/product\/casco-steelpro-spc221\/"},"modified":"2025-09-18T15:13:11","modified_gmt":"2025-09-18T18:13:11","slug":"casco-steelpro-spc221","status":"publish","type":"product","link":"https:\/\/securityhnos.com.ar\/home\/product\/casco-steelpro-spc221\/","title":{"rendered":"Casco Steelpro Spc221"},"content":{"rendered":"","protected":false},"excerpt":{"rendered":"<p>Este modelo de casco est\u00e1 compuesto por una carcasa inyectada en Polietileno combinable con sistema de suspensi\u00f3n de 4 puntas disponible con el sistema de ajuste Fast Track. El conjunto de estos componentes, carcasa y suspensi\u00f3n, es el que otorga la protecci\u00f3n adecuada en caso de golpes. Este modelo es liviano y balanceado, pesa 282 Grs. aprox, entregando comodidad al usuario en sus labores. Adem\u00e1s, cuenta con soportes para inserci\u00f3n de barbijo, tiene dos puntos de anclajes el cual es recomendado para trabajos en altura o de mucho movimiento. Otra caracter\u00edstica y no menos importante, es que el casco posee en su contorno un sistema de bota agua que permite proteger al usuario de alg\u00fan tipo de derrame l\u00edquido. La inyecci\u00f3n de la carcasa como una sola pieza de Polietileno, provee una buena resistencia al impacto y a las descargas el\u00e9ctricas, lo que le permite resistir hasta 30.000 voltios de acuerdo a la certificaci\u00f3n Cesmec de descarga el\u00e9ctrica sin afectar en nada su performance.<\/p>\n<p><strong>Materiales: <\/strong>Polietileno<\/p>\n<p><strong>Marca: <\/strong>STEELPRO<\/p>\n<p><strong>Norma: <\/strong>IRAM 3620 Tipo 1 Clase B, ISO\/ CASCO N\u00ba05 &#8211; ANSI Z89.1<\/p>\n[fusion_button link=\"\/wp-content\/uploads\/fichas-tecnicas\/6c3c39fd9d443a04b1277f44e192add3.pdf\" enable_hover_text_icon=\"yes\" hover_text=\"\" title=\"\" target=\"_blank\" link_attributes=\"\" aria_role_button=\"0\" alignment_medium=\"\" alignment_small=\"\" alignment=\"\" modal=\"\" hide_on_mobile=\"small-visibility,medium-visibility,large-visibility\" sticky_display=\"normal,sticky\" class=\"\" id=\"\" color=\"default\" button_gradient_top_color_hover=\"\" hue=\"\" saturation=\"\" lightness=\"\" alpha=\"\" button_gradient_top_color=\"\" button_gradient_bottom_color_hover=\"\" button_gradient_bottom_color=\"\" gradient_start_position=\"\" gradient_end_position=\"\" gradient_type=\"\" radial_direction=\"\" linear_angle=\"\" accent_hover_color=\"\" accent_color=\"\" type=\"\" bevel_color=\"\" bevel_color_hover=\"\" border_top=\"\" border_right=\"\" border_bottom=\"\" border_left=\"\" border_radius_top_left=\"\" border_radius_top_right=\"\" border_radius_bottom_right=\"\" border_radius_bottom_left=\"\" border_hover_color=\"\" border_color=\"\" size=\"\" padding_top=\"\" padding_right=\"\" padding_bottom=\"\" padding_left=\"\" fusion_font_family_button_font=\"\" fusion_font_variant_button_font=\"\" font_size=\"\" line_height=\"\" letter_spacing=\"\" text_transform=\"\" stretch=\"default\" margin_top=\"\" margin_right=\"\" margin_bottom=\"\" margin_left=\"\" icon=\"fa-arrow-down fas\" hover_icon=\"fa-chevron-circle-down fas\" icon_position=\"left\" icon_divider=\"no\" hover_transition=\"none\" animation_type=\"\" animation_direction=\"left\" animation_color=\"\" animation_speed=\"0.3\" animation_delay=\"0\" animation_offset=\"\"]Descargar ficha t\u00e9cnica[\/fusion_button]\n","protected":false},"featured_media":5436,"comment_status":"open","ping_status":"closed","template":"","meta":[],"product_brand":[292],"product_cat":[188,192],"product_tag":[],"class_list":{"0":"post-5438","1":"product","2":"type-product","3":"status-publish","4":"has-post-thumbnail","6":"product_brand-steelpro","7":"product_cat-epp","8":"product_cat-proteccion-craneana","10":"first","11":"outofstock","12":"shipping-taxable","13":"product-type-variable"},"_links":{"self":[{"href":"https:\/\/securityhnos.com.ar\/home\/wp-json\/wp\/v2\/product\/5438","targetHints":{"allow":["GET"]}}],"collection":[{"href":"https:\/\/securityhnos.com.ar\/home\/wp-json\/wp\/v2\/product"}],"about":[{"href":"https:\/\/securityhnos.com.ar\/home\/wp-json\/wp\/v2\/types\/product"}],"replies":[{"embeddable":true,"href":"https:\/\/securityhnos.com.ar\/home\/wp-json\/wp\/v2\/comments?post=5438"}],"wp:featuredmedia":[{"embeddable":true,"href":"https:\/\/securityhnos.com.ar\/home\/wp-json\/wp\/v2\/media\/5436"}],"wp:attachment":[{"href":"https:\/\/securityhnos.com.ar\/home\/wp-json\/wp\/v2\/media?parent=5438"}],"wp:term":[{"taxonomy":"product_brand","embeddable":true,"href":"https:\/\/securityhnos.com.ar\/home\/wp-json\/wp\/v2\/product_brand?post=5438"},{"taxonomy":"product_cat","embeddable":true,"href":"https:\/\/securityhnos.com.ar\/home\/wp-json\/wp\/v2\/product_cat?post=5438"},{"taxonomy":"product_tag","embeddable":true,"href":"https:\/\/securityhnos.com.ar\/home\/wp-json\/wp\/v2\/product_tag?post=5438"}],"curies":[{"name":"wp","href":"https:\/\/api.w.org\/{rel}","templated":true}]}}