{"id":5405,"date":"2025-08-11T18:31:50","date_gmt":"2025-08-11T18:31:50","guid":{"rendered":"https:\/\/securityhnos.com.ar\/home\/product\/guante-steelpro-anti-corte-multiflex-cut-5-pu\/"},"modified":"2025-10-01T10:58:42","modified_gmt":"2025-10-01T13:58:42","slug":"guante-steelpro-anti-corte-multiflex-cut-5-pu","status":"publish","type":"product","link":"https:\/\/securityhnos.com.ar\/home\/product\/guante-steelpro-anti-corte-multiflex-cut-5-pu\/","title":{"rendered":"Guante Steelpro Anti-Corte Multiflex Cut-5 Pu"},"content":{"rendered":"","protected":false},"excerpt":{"rendered":"<p>Guante Hecho de fibra HDPE, Cut 5, 13 Gauge con palma de PU. Es un Guante dise\u00f1ado para trabajos donde exista riesgo de corte y se quiera trabajar con un guante de buena dexteridad. El PU proporciona al guante  una  excelente resistencia a las abrasi\u00f3n y transpirabilidad. Especial para trabajos de precisi\u00f3n, alta tecnolog\u00eda, salas de trabajo, bodegas, manipulaci\u00f3n de partes y piezas, metalmec\u00e1nica, industria de vidrio, industria donde se requiere alta fexibilidad y alta abrasi\u00f3n.<\/p>\n<p><strong>Materiales: <\/strong>Fibra de Vidrio, Poliamida y Elastano. Ba\u00f1o Poliuretano<\/p>\n<p><strong>Marca: <\/strong>STEELPRO<\/p>\n<p><strong>Norma: <\/strong>Cumple con la norma Europea EN 388 de Riesgos Mec\u00e1nicos.<\/p>\n[fusion_button link=\"\/wp-content\/uploads\/fichas-tecnicas\/61e58e3ab3eb9f5d6e0881836ee521c5.pdf\" enable_hover_text_icon=\"yes\" hover_text=\"\" title=\"\" target=\"_blank\" link_attributes=\"\" aria_role_button=\"0\" alignment_medium=\"\" alignment_small=\"\" alignment=\"\" modal=\"\" hide_on_mobile=\"small-visibility,medium-visibility,large-visibility\" sticky_display=\"normal,sticky\" class=\"\" id=\"\" color=\"default\" button_gradient_top_color_hover=\"\" hue=\"\" saturation=\"\" lightness=\"\" alpha=\"\" button_gradient_top_color=\"\" button_gradient_bottom_color_hover=\"\" button_gradient_bottom_color=\"\" gradient_start_position=\"\" gradient_end_position=\"\" gradient_type=\"\" radial_direction=\"\" linear_angle=\"\" accent_hover_color=\"\" accent_color=\"\" type=\"\" bevel_color=\"\" bevel_color_hover=\"\" border_top=\"\" border_right=\"\" border_bottom=\"\" border_left=\"\" border_radius_top_left=\"\" border_radius_top_right=\"\" border_radius_bottom_right=\"\" border_radius_bottom_left=\"\" border_hover_color=\"\" border_color=\"\" size=\"\" padding_top=\"\" padding_right=\"\" padding_bottom=\"\" padding_left=\"\" fusion_font_family_button_font=\"\" fusion_font_variant_button_font=\"\" font_size=\"\" line_height=\"\" letter_spacing=\"\" text_transform=\"\" stretch=\"default\" margin_top=\"\" margin_right=\"\" margin_bottom=\"\" margin_left=\"\" icon=\"fa-arrow-down fas\" hover_icon=\"fa-chevron-circle-down fas\" icon_position=\"left\" icon_divider=\"no\" hover_transition=\"none\" animation_type=\"\" animation_direction=\"left\" animation_color=\"\" animation_speed=\"0.3\" animation_delay=\"0\" animation_offset=\"\"]Descargar ficha t\u00e9cnica[\/fusion_button]\n","protected":false},"featured_media":5404,"comment_status":"open","ping_status":"closed","template":"","meta":[],"product_brand":[292],"product_cat":[188,195],"product_tag":[],"class_list":{"0":"post-5405","1":"product","2":"type-product","3":"status-publish","4":"has-post-thumbnail","6":"product_brand-steelpro","7":"product_cat-epp","8":"product_cat-proteccion-de-manos","10":"first","11":"instock","12":"shipping-taxable","13":"purchasable","14":"product-type-variable"},"_links":{"self":[{"href":"https:\/\/securityhnos.com.ar\/home\/wp-json\/wp\/v2\/product\/5405","targetHints":{"allow":["GET"]}}],"collection":[{"href":"https:\/\/securityhnos.com.ar\/home\/wp-json\/wp\/v2\/product"}],"about":[{"href":"https:\/\/securityhnos.com.ar\/home\/wp-json\/wp\/v2\/types\/product"}],"replies":[{"embeddable":true,"href":"https:\/\/securityhnos.com.ar\/home\/wp-json\/wp\/v2\/comments?post=5405"}],"wp:featuredmedia":[{"embeddable":true,"href":"https:\/\/securityhnos.com.ar\/home\/wp-json\/wp\/v2\/media\/5404"}],"wp:attachment":[{"href":"https:\/\/securityhnos.com.ar\/home\/wp-json\/wp\/v2\/media?parent=5405"}],"wp:term":[{"taxonomy":"product_brand","embeddable":true,"href":"https:\/\/securityhnos.com.ar\/home\/wp-json\/wp\/v2\/product_brand?post=5405"},{"taxonomy":"product_cat","embeddable":true,"href":"https:\/\/securityhnos.com.ar\/home\/wp-json\/wp\/v2\/product_cat?post=5405"},{"taxonomy":"product_tag","embeddable":true,"href":"https:\/\/securityhnos.com.ar\/home\/wp-json\/wp\/v2\/product_tag?post=5405"}],"curies":[{"name":"wp","href":"https:\/\/api.w.org\/{rel}","templated":true}]}}