{"id":5401,"date":"2025-08-11T18:31:41","date_gmt":"2025-08-11T18:31:41","guid":{"rendered":"https:\/\/securityhnos.com.ar\/home\/product\/lente-de-seguridad-x5-dual-af\/"},"modified":"2025-09-18T15:13:13","modified_gmt":"2025-09-18T18:13:13","slug":"lente-de-seguridad-x5-dual-af","status":"publish","type":"product","link":"https:\/\/securityhnos.com.ar\/home\/product\/lente-de-seguridad-x5-dual-af\/","title":{"rendered":"Lente De Seguridad X5 Dual Af"},"content":{"rendered":"","protected":false},"excerpt":{"rendered":"<p>Lente de policarbonato de alta densidad, de dise\u00f1o innovador y ergon\u00f3mico para cualquier tipo de cara, uno de los mejores lentes del mercado, incluye barra anti impacto, para reducir golpes y sellar la vista del exterior. Soporte nasal silicona. Su \u201cModo DUAL\u201d permite el uso en versi\u00f3n lente o antiparra con un excelente ajuste a trav\u00e9s de su strap y puente de goma para mejor comodidad, ultra liviano de policarbonato Oftalmol\u00f3gico, con tratamiento Anti-rayaduras, Anti-Empa\u00f1e, Anti- Est\u00e1tico y con filtro 99,9% de protecci\u00f3n UV. Su dise\u00f1o tiene patillas regulables, adem\u00e1s es muy resistente dado a sus propiedades anti fatiga, utilizados como protecci\u00f3n primaria de acuerdo a recomendaciones de OSHA. aptos para trabajos en exteriores e interiores, dise\u00f1ados para proteger contra impactos a alta y baja velocidad, adecuados para proteger contra rayos ultravioleta y espectros de baja concentraci\u00f3n.<\/p>\n<p><strong>Materiales: <\/strong>Lente: confeccionado en Policarbonato oftalmol\u00f3gico. Patillas: PVC flexibles telesc\u00f3picas regulables.<\/p>\n<p><strong>Marca: <\/strong>STEELPRO<\/p>\n<p><strong>Norma: <\/strong>IRAM 3630, CE EN-166 y Bajo la Norma ANSI Z87.1 2010<\/p>\n[fusion_button link=\"\/wp-content\/uploads\/fichas-tecnicas\/dd188f95ebb5df62d8f530a22f529850.pdf\" enable_hover_text_icon=\"yes\" hover_text=\"\" title=\"\" target=\"_blank\" link_attributes=\"\" aria_role_button=\"0\" alignment_medium=\"\" alignment_small=\"\" alignment=\"\" modal=\"\" hide_on_mobile=\"small-visibility,medium-visibility,large-visibility\" sticky_display=\"normal,sticky\" class=\"\" id=\"\" color=\"default\" button_gradient_top_color_hover=\"\" hue=\"\" saturation=\"\" lightness=\"\" alpha=\"\" button_gradient_top_color=\"\" button_gradient_bottom_color_hover=\"\" button_gradient_bottom_color=\"\" gradient_start_position=\"\" gradient_end_position=\"\" gradient_type=\"\" radial_direction=\"\" linear_angle=\"\" accent_hover_color=\"\" accent_color=\"\" type=\"\" bevel_color=\"\" bevel_color_hover=\"\" border_top=\"\" border_right=\"\" border_bottom=\"\" border_left=\"\" border_radius_top_left=\"\" border_radius_top_right=\"\" border_radius_bottom_right=\"\" border_radius_bottom_left=\"\" border_hover_color=\"\" border_color=\"\" size=\"\" padding_top=\"\" padding_right=\"\" padding_bottom=\"\" padding_left=\"\" fusion_font_family_button_font=\"\" fusion_font_variant_button_font=\"\" font_size=\"\" line_height=\"\" letter_spacing=\"\" text_transform=\"\" stretch=\"default\" margin_top=\"\" margin_right=\"\" margin_bottom=\"\" margin_left=\"\" icon=\"fa-arrow-down fas\" hover_icon=\"fa-chevron-circle-down fas\" icon_position=\"left\" icon_divider=\"no\" hover_transition=\"none\" animation_type=\"\" animation_direction=\"left\" animation_color=\"\" animation_speed=\"0.3\" animation_delay=\"0\" animation_offset=\"\"]Descargar ficha t\u00e9cnica[\/fusion_button]\n","protected":false},"featured_media":5396,"comment_status":"open","ping_status":"closed","template":"","meta":[],"product_brand":[292],"product_cat":[188],"product_tag":[],"class_list":{"0":"post-5401","1":"product","2":"type-product","3":"status-publish","4":"has-post-thumbnail","6":"product_brand-steelpro","7":"product_cat-epp","9":"first","10":"outofstock","11":"shipping-taxable","12":"product-type-variable"},"_links":{"self":[{"href":"https:\/\/securityhnos.com.ar\/home\/wp-json\/wp\/v2\/product\/5401","targetHints":{"allow":["GET"]}}],"collection":[{"href":"https:\/\/securityhnos.com.ar\/home\/wp-json\/wp\/v2\/product"}],"about":[{"href":"https:\/\/securityhnos.com.ar\/home\/wp-json\/wp\/v2\/types\/product"}],"replies":[{"embeddable":true,"href":"https:\/\/securityhnos.com.ar\/home\/wp-json\/wp\/v2\/comments?post=5401"}],"wp:featuredmedia":[{"embeddable":true,"href":"https:\/\/securityhnos.com.ar\/home\/wp-json\/wp\/v2\/media\/5396"}],"wp:attachment":[{"href":"https:\/\/securityhnos.com.ar\/home\/wp-json\/wp\/v2\/media?parent=5401"}],"wp:term":[{"taxonomy":"product_brand","embeddable":true,"href":"https:\/\/securityhnos.com.ar\/home\/wp-json\/wp\/v2\/product_brand?post=5401"},{"taxonomy":"product_cat","embeddable":true,"href":"https:\/\/securityhnos.com.ar\/home\/wp-json\/wp\/v2\/product_cat?post=5401"},{"taxonomy":"product_tag","embeddable":true,"href":"https:\/\/securityhnos.com.ar\/home\/wp-json\/wp\/v2\/product_tag?post=5401"}],"curies":[{"name":"wp","href":"https:\/\/api.w.org\/{rel}","templated":true}]}}