{"id":5395,"date":"2025-08-11T18:31:23","date_gmt":"2025-08-11T18:31:23","guid":{"rendered":"https:\/\/securityhnos.com.ar\/home\/product\/pantalon-cargo-combate\/"},"modified":"2025-12-15T22:35:32","modified_gmt":"2025-12-16T01:35:32","slug":"pantalon-combate","status":"publish","type":"product","link":"https:\/\/securityhnos.com.ar\/home\/product\/pantalon-combate\/","title":{"rendered":"Pantalon Combate"},"content":{"rendered":"","protected":false},"excerpt":{"rendered":"<p>Tejido Rip Stop Antidesgarro, Alta Resistencia a la Tracci\u00f3n 50% Poli\u00e9ster \/ 50% Algod\u00f3n &#8211; Fibra \u00cdntima &#8211; 235 g\/m2 Bot\u00f3n met\u00e1lico Cierres YKK Triple Costura Refuerzo doble tela en entrepierna y rodilla Porta mosquet\u00f3n en cintura Tiras de ajuste en cintura y tobillo 6 Bolsillos: 2 delanteros, 2 laterales con fuelle y cierre impermeable reflectivo y 2 ojal traseros con cierre<\/p>\n<p><strong>Materiales: <\/strong>Tejido Rip Stop Antidesgarro 50% Poli\u00e9ster \/ 50% Algod\u00f3n &#8211; Fibra \u00cdntima &#8211; 235 g\/m2<\/p>\n<p><strong>Marca: <\/strong>SECURITY<\/p>\n[fusion_button link=\"\/wp-content\/uploads\/fichas-tecnicas\/e02578d529ed6270b9934863c05153bb.pdf\" enable_hover_text_icon=\"yes\" hover_text=\"\" title=\"\" target=\"_blank\" link_attributes=\"\" aria_role_button=\"0\" alignment_medium=\"\" alignment_small=\"\" alignment=\"\" modal=\"\" hide_on_mobile=\"small-visibility,medium-visibility,large-visibility\" sticky_display=\"normal,sticky\" class=\"\" id=\"\" color=\"default\" button_gradient_top_color_hover=\"\" hue=\"\" saturation=\"\" lightness=\"\" alpha=\"\" button_gradient_top_color=\"\" button_gradient_bottom_color_hover=\"\" button_gradient_bottom_color=\"\" gradient_start_position=\"\" gradient_end_position=\"\" gradient_type=\"\" radial_direction=\"\" linear_angle=\"\" accent_hover_color=\"\" accent_color=\"\" type=\"\" bevel_color=\"\" bevel_color_hover=\"\" border_top=\"\" border_right=\"\" border_bottom=\"\" border_left=\"\" border_radius_top_left=\"\" border_radius_top_right=\"\" border_radius_bottom_right=\"\" border_radius_bottom_left=\"\" border_hover_color=\"\" border_color=\"\" size=\"\" padding_top=\"\" padding_right=\"\" padding_bottom=\"\" padding_left=\"\" fusion_font_family_button_font=\"\" fusion_font_variant_button_font=\"\" font_size=\"\" line_height=\"\" letter_spacing=\"\" text_transform=\"\" stretch=\"default\" margin_top=\"\" margin_right=\"\" margin_bottom=\"\" margin_left=\"\" icon=\"fa-arrow-down fas\" hover_icon=\"fa-chevron-circle-down fas\" icon_position=\"left\" icon_divider=\"no\" hover_transition=\"none\" animation_type=\"\" animation_direction=\"left\" animation_color=\"\" animation_speed=\"0.3\" animation_delay=\"0\" animation_offset=\"\"]Descargar ficha t\u00e9cnica[\/fusion_button]\n","protected":false},"featured_media":5386,"comment_status":"open","ping_status":"closed","template":"","meta":[],"product_brand":[235],"product_cat":[172,304],"product_tag":[],"class_list":{"0":"post-5395","1":"product","2":"type-product","3":"status-publish","4":"has-post-thumbnail","6":"product_brand-security","7":"product_cat-indumentaria","8":"product_cat-premium-urbana","10":"first","11":"instock","12":"shipping-taxable","13":"purchasable","14":"product-type-variable"},"_links":{"self":[{"href":"https:\/\/securityhnos.com.ar\/home\/wp-json\/wp\/v2\/product\/5395","targetHints":{"allow":["GET"]}}],"collection":[{"href":"https:\/\/securityhnos.com.ar\/home\/wp-json\/wp\/v2\/product"}],"about":[{"href":"https:\/\/securityhnos.com.ar\/home\/wp-json\/wp\/v2\/types\/product"}],"replies":[{"embeddable":true,"href":"https:\/\/securityhnos.com.ar\/home\/wp-json\/wp\/v2\/comments?post=5395"}],"wp:featuredmedia":[{"embeddable":true,"href":"https:\/\/securityhnos.com.ar\/home\/wp-json\/wp\/v2\/media\/5386"}],"wp:attachment":[{"href":"https:\/\/securityhnos.com.ar\/home\/wp-json\/wp\/v2\/media?parent=5395"}],"wp:term":[{"taxonomy":"product_brand","embeddable":true,"href":"https:\/\/securityhnos.com.ar\/home\/wp-json\/wp\/v2\/product_brand?post=5395"},{"taxonomy":"product_cat","embeddable":true,"href":"https:\/\/securityhnos.com.ar\/home\/wp-json\/wp\/v2\/product_cat?post=5395"},{"taxonomy":"product_tag","embeddable":true,"href":"https:\/\/securityhnos.com.ar\/home\/wp-json\/wp\/v2\/product_tag?post=5395"}],"curies":[{"name":"wp","href":"https:\/\/api.w.org\/{rel}","templated":true}]}}