{"id":5382,"date":"2025-08-11T18:31:02","date_gmt":"2025-08-11T18:31:02","guid":{"rendered":"https:\/\/securityhnos.com.ar\/home\/product\/guante-bil-vex-hammer-alto-impacto\/"},"modified":"2025-09-18T15:13:13","modified_gmt":"2025-09-18T18:13:13","slug":"guante-bil-vex-hammer-alto-impacto","status":"publish","type":"product","link":"https:\/\/securityhnos.com.ar\/home\/product\/guante-bil-vex-hammer-alto-impacto\/","title":{"rendered":"Guante Bil Vex Hammer Alto Impacto"},"content":{"rendered":"","protected":false},"excerpt":{"rendered":"<p>Guante 3 en 1, resistente al corte, a la abrasi\u00f3n y al impacto. Soporte sin costuras de 13 galgas con HPPE , mezcla de Fibras Sint\u00e9ticas y Fibra de Vidrio. Ba\u00f1o de foam nitrilo. Inserto de TPR (elast\u00f3mero termopl\u00e1stico) en el dorso de la mano para protecci\u00f3n de impactos. Destreza Excepcional. Flexibilidad absoluta con recubrimiento en Nitrilo suave en la palma. Resistente al corte (Nivel 5) &#8211; Resistente a la abrasi\u00f3n (Palma de Nitrilo)  Resistemte al impacto (Insertos de TPR).<\/p>\n<p><strong>Materiales: <\/strong>Fibras Sint\u00e9ticas &#8211; Fibra de Vidrio &#8211; Foam Nitrilo<\/p>\n<p><strong>Marca: <\/strong>BIL VEX<\/p>\n<p><strong>Norma: <\/strong>Bajo norma CE EN388 &#8211; Cumple con Resoluci\u00f3n 896, Sello S IRAM<\/p>\n[fusion_button link=\"https:\/\/www.securityhnos.com.ar\/#\" enable_hover_text_icon=\"yes\" hover_text=\"\" title=\"\" target=\"_blank\" link_attributes=\"\" aria_role_button=\"0\" alignment_medium=\"\" alignment_small=\"\" alignment=\"\" modal=\"\" hide_on_mobile=\"small-visibility,medium-visibility,large-visibility\" sticky_display=\"normal,sticky\" class=\"\" id=\"\" color=\"default\" button_gradient_top_color_hover=\"\" hue=\"\" saturation=\"\" lightness=\"\" alpha=\"\" button_gradient_top_color=\"\" button_gradient_bottom_color_hover=\"\" button_gradient_bottom_color=\"\" gradient_start_position=\"\" gradient_end_position=\"\" gradient_type=\"\" radial_direction=\"\" linear_angle=\"\" accent_hover_color=\"\" accent_color=\"\" type=\"\" bevel_color=\"\" bevel_color_hover=\"\" border_top=\"\" border_right=\"\" border_bottom=\"\" border_left=\"\" border_radius_top_left=\"\" border_radius_top_right=\"\" border_radius_bottom_right=\"\" border_radius_bottom_left=\"\" border_hover_color=\"\" border_color=\"\" size=\"\" padding_top=\"\" padding_right=\"\" padding_bottom=\"\" padding_left=\"\" fusion_font_family_button_font=\"\" fusion_font_variant_button_font=\"\" font_size=\"\" line_height=\"\" letter_spacing=\"\" text_transform=\"\" stretch=\"default\" margin_top=\"\" margin_right=\"\" margin_bottom=\"\" margin_left=\"\" icon=\"fa-arrow-down fas\" hover_icon=\"fa-chevron-circle-down fas\" icon_position=\"left\" icon_divider=\"no\" hover_transition=\"none\" animation_type=\"\" animation_direction=\"left\" animation_color=\"\" animation_speed=\"0.3\" animation_delay=\"0\" animation_offset=\"\"]Descargar ficha t\u00e9cnica[\/fusion_button]\n","protected":false},"featured_media":5381,"comment_status":"open","ping_status":"closed","template":"","meta":[],"product_brand":[284],"product_cat":[188,195],"product_tag":[],"class_list":{"0":"post-5382","1":"product","2":"type-product","3":"status-publish","4":"has-post-thumbnail","6":"product_brand-bil-vex","7":"product_cat-epp","8":"product_cat-proteccion-de-manos","10":"first","11":"outofstock","12":"shipping-taxable","13":"product-type-variable"},"_links":{"self":[{"href":"https:\/\/securityhnos.com.ar\/home\/wp-json\/wp\/v2\/product\/5382","targetHints":{"allow":["GET"]}}],"collection":[{"href":"https:\/\/securityhnos.com.ar\/home\/wp-json\/wp\/v2\/product"}],"about":[{"href":"https:\/\/securityhnos.com.ar\/home\/wp-json\/wp\/v2\/types\/product"}],"replies":[{"embeddable":true,"href":"https:\/\/securityhnos.com.ar\/home\/wp-json\/wp\/v2\/comments?post=5382"}],"wp:featuredmedia":[{"embeddable":true,"href":"https:\/\/securityhnos.com.ar\/home\/wp-json\/wp\/v2\/media\/5381"}],"wp:attachment":[{"href":"https:\/\/securityhnos.com.ar\/home\/wp-json\/wp\/v2\/media?parent=5382"}],"wp:term":[{"taxonomy":"product_brand","embeddable":true,"href":"https:\/\/securityhnos.com.ar\/home\/wp-json\/wp\/v2\/product_brand?post=5382"},{"taxonomy":"product_cat","embeddable":true,"href":"https:\/\/securityhnos.com.ar\/home\/wp-json\/wp\/v2\/product_cat?post=5382"},{"taxonomy":"product_tag","embeddable":true,"href":"https:\/\/securityhnos.com.ar\/home\/wp-json\/wp\/v2\/product_tag?post=5382"}],"curies":[{"name":"wp","href":"https:\/\/api.w.org\/{rel}","templated":true}]}}