{"id":5234,"date":"2025-08-11T18:14:12","date_gmt":"2025-08-11T18:14:12","guid":{"rendered":"https:\/\/securityhnos.com.ar\/home\/product\/cono-rfx-naranja-1-mt-con-reflectivo-base-de-goma\/"},"modified":"2025-09-18T15:13:18","modified_gmt":"2025-09-18T18:13:18","slug":"cono-rfx-naranja-1-mt-con-reflectivo-base-de-goma","status":"publish","type":"product","link":"https:\/\/securityhnos.com.ar\/home\/product\/cono-rfx-naranja-1-mt-con-reflectivo-base-de-goma\/","title":{"rendered":"Cono Rfx  Naranja 1 Mt Con Reflectivo Base De Goma"},"content":{"rendered":"","protected":false},"excerpt":{"rendered":"<p>Conos de polietileno de alta densidad y base de goma. Proporciona un m\u00e9todo r\u00e1pido y f\u00e1cil de resaltar e indicar Zona de riesgo. \u00c1reas peligrosas. Demarcaci\u00f3n perimetral de \u00e1reas. Obras en construcci\u00f3n. Derrumbes. Arreglos en la v\u00eda p\u00fablica. Zona de mantenimiento.  Altura: 100 CM . 2 CINTAS REFLECTIVAS DE 10 Y 15 CM. DIMENSIONES 55 X 55 X 100 CM PESO: 5 KG<\/p>\n<p><strong>Materiales: <\/strong>Polietileno alta densidad &#8211; Base de goma<\/p>\n<p><strong>Marca: <\/strong>STEELPRO<\/p>\n[fusion_button link=\"\/wp-content\/uploads\/fichas-tecnicas\/7ece3758b71de124087cccb0ecc1fd10.pdf\" enable_hover_text_icon=\"yes\" hover_text=\"\" title=\"\" target=\"_blank\" link_attributes=\"\" aria_role_button=\"0\" alignment_medium=\"\" alignment_small=\"\" alignment=\"\" modal=\"\" hide_on_mobile=\"small-visibility,medium-visibility,large-visibility\" sticky_display=\"normal,sticky\" class=\"\" id=\"\" color=\"default\" button_gradient_top_color_hover=\"\" hue=\"\" saturation=\"\" lightness=\"\" alpha=\"\" button_gradient_top_color=\"\" button_gradient_bottom_color_hover=\"\" button_gradient_bottom_color=\"\" gradient_start_position=\"\" gradient_end_position=\"\" gradient_type=\"\" radial_direction=\"\" linear_angle=\"\" accent_hover_color=\"\" accent_color=\"\" type=\"\" bevel_color=\"\" bevel_color_hover=\"\" border_top=\"\" border_right=\"\" border_bottom=\"\" border_left=\"\" border_radius_top_left=\"\" border_radius_top_right=\"\" border_radius_bottom_right=\"\" border_radius_bottom_left=\"\" border_hover_color=\"\" border_color=\"\" size=\"\" padding_top=\"\" padding_right=\"\" padding_bottom=\"\" padding_left=\"\" fusion_font_family_button_font=\"\" fusion_font_variant_button_font=\"\" font_size=\"\" line_height=\"\" letter_spacing=\"\" text_transform=\"\" stretch=\"default\" margin_top=\"\" margin_right=\"\" margin_bottom=\"\" margin_left=\"\" icon=\"fa-arrow-down fas\" hover_icon=\"fa-chevron-circle-down fas\" icon_position=\"left\" icon_divider=\"no\" hover_transition=\"none\" animation_type=\"\" animation_direction=\"left\" animation_color=\"\" animation_speed=\"0.3\" animation_delay=\"0\" animation_offset=\"\"]Descargar ficha t\u00e9cnica[\/fusion_button]\n","protected":false},"featured_media":5233,"comment_status":"open","ping_status":"closed","template":"","meta":[],"product_brand":[292],"product_cat":[188,197],"product_tag":[],"class_list":{"0":"post-5234","1":"product","2":"type-product","3":"status-publish","4":"has-post-thumbnail","6":"product_brand-steelpro","7":"product_cat-epp","8":"product_cat-vial","10":"first","11":"outofstock","12":"shipping-taxable","13":"product-type-variable"},"_links":{"self":[{"href":"https:\/\/securityhnos.com.ar\/home\/wp-json\/wp\/v2\/product\/5234","targetHints":{"allow":["GET"]}}],"collection":[{"href":"https:\/\/securityhnos.com.ar\/home\/wp-json\/wp\/v2\/product"}],"about":[{"href":"https:\/\/securityhnos.com.ar\/home\/wp-json\/wp\/v2\/types\/product"}],"replies":[{"embeddable":true,"href":"https:\/\/securityhnos.com.ar\/home\/wp-json\/wp\/v2\/comments?post=5234"}],"wp:featuredmedia":[{"embeddable":true,"href":"https:\/\/securityhnos.com.ar\/home\/wp-json\/wp\/v2\/media\/5233"}],"wp:attachment":[{"href":"https:\/\/securityhnos.com.ar\/home\/wp-json\/wp\/v2\/media?parent=5234"}],"wp:term":[{"taxonomy":"product_brand","embeddable":true,"href":"https:\/\/securityhnos.com.ar\/home\/wp-json\/wp\/v2\/product_brand?post=5234"},{"taxonomy":"product_cat","embeddable":true,"href":"https:\/\/securityhnos.com.ar\/home\/wp-json\/wp\/v2\/product_cat?post=5234"},{"taxonomy":"product_tag","embeddable":true,"href":"https:\/\/securityhnos.com.ar\/home\/wp-json\/wp\/v2\/product_tag?post=5234"}],"curies":[{"name":"wp","href":"https:\/\/api.w.org\/{rel}","templated":true}]}}