{"id":5215,"date":"2025-08-11T18:12:16","date_gmt":"2025-08-11T18:12:16","guid":{"rendered":"https:\/\/securityhnos.com.ar\/home\/product\/respirador-3m-8214-n95-con-valvula\/"},"modified":"2025-09-18T15:13:19","modified_gmt":"2025-09-18T18:13:19","slug":"respirador-3m-8214-n95-con-valvula","status":"publish","type":"product","link":"https:\/\/securityhnos.com.ar\/home\/product\/respirador-3m-8214-n95-con-valvula\/","title":{"rendered":"Respirador 3M\u2122 8214 N95 Con V\u00e1lvula"},"content":{"rendered":"","protected":false},"excerpt":{"rendered":"<p>Este respirador para part\u00edculas desechable N95 para soldador con capa de carb\u00f3n ayuda a proporcionar protecci\u00f3n respiratoria cuando se presenten vapores met\u00e1licos, incluyendo aquellos con ozono y contra niveles molestos de vapor org\u00e1nico. Usado en actividades que involucran humos met\u00e1licos. El filtro con carb\u00f3n reduce la exposici\u00f3n al ozono\/molestias por niveles de vapores org\u00e1nicos. Filtro resistente a la torta y a las llamas seg\u00fan ASTM D2859. Sellado facial confortable\/bandas completamente ajustables. La v\u00e1lvula 3M\u2122 CoolFlow\u2122 mantiene fresco al usuario.<\/p>\n<p><strong>Marca: <\/strong>3M<\/p>\n<p><strong>Norma: <\/strong>N95, KMOEL P1<\/p>\n[fusion_button link=\"\/wp-content\/uploads\/fichas-tecnicas\/2f008c6c4353a801227be3665be8a8a9.pdf\" enable_hover_text_icon=\"yes\" hover_text=\"\" title=\"\" target=\"_blank\" link_attributes=\"\" aria_role_button=\"0\" alignment_medium=\"\" alignment_small=\"\" alignment=\"\" modal=\"\" hide_on_mobile=\"small-visibility,medium-visibility,large-visibility\" sticky_display=\"normal,sticky\" class=\"\" id=\"\" color=\"default\" button_gradient_top_color_hover=\"\" hue=\"\" saturation=\"\" lightness=\"\" alpha=\"\" button_gradient_top_color=\"\" button_gradient_bottom_color_hover=\"\" button_gradient_bottom_color=\"\" gradient_start_position=\"\" gradient_end_position=\"\" gradient_type=\"\" radial_direction=\"\" linear_angle=\"\" accent_hover_color=\"\" accent_color=\"\" type=\"\" bevel_color=\"\" bevel_color_hover=\"\" border_top=\"\" border_right=\"\" border_bottom=\"\" border_left=\"\" border_radius_top_left=\"\" border_radius_top_right=\"\" border_radius_bottom_right=\"\" border_radius_bottom_left=\"\" border_hover_color=\"\" border_color=\"\" size=\"\" padding_top=\"\" padding_right=\"\" padding_bottom=\"\" padding_left=\"\" fusion_font_family_button_font=\"\" fusion_font_variant_button_font=\"\" font_size=\"\" line_height=\"\" letter_spacing=\"\" text_transform=\"\" stretch=\"default\" margin_top=\"\" margin_right=\"\" margin_bottom=\"\" margin_left=\"\" icon=\"fa-arrow-down fas\" hover_icon=\"fa-chevron-circle-down fas\" icon_position=\"left\" icon_divider=\"no\" hover_transition=\"none\" animation_type=\"\" animation_direction=\"left\" animation_color=\"\" animation_speed=\"0.3\" animation_delay=\"0\" animation_offset=\"\"]Descargar ficha t\u00e9cnica[\/fusion_button]\n","protected":false},"featured_media":5214,"comment_status":"open","ping_status":"closed","template":"","meta":[],"product_brand":[276],"product_cat":[188],"product_tag":[],"class_list":{"0":"post-5215","1":"product","2":"type-product","3":"status-publish","4":"has-post-thumbnail","6":"product_brand-3m","7":"product_cat-epp","9":"first","10":"outofstock","11":"shipping-taxable","12":"product-type-variable"},"_links":{"self":[{"href":"https:\/\/securityhnos.com.ar\/home\/wp-json\/wp\/v2\/product\/5215","targetHints":{"allow":["GET"]}}],"collection":[{"href":"https:\/\/securityhnos.com.ar\/home\/wp-json\/wp\/v2\/product"}],"about":[{"href":"https:\/\/securityhnos.com.ar\/home\/wp-json\/wp\/v2\/types\/product"}],"replies":[{"embeddable":true,"href":"https:\/\/securityhnos.com.ar\/home\/wp-json\/wp\/v2\/comments?post=5215"}],"wp:featuredmedia":[{"embeddable":true,"href":"https:\/\/securityhnos.com.ar\/home\/wp-json\/wp\/v2\/media\/5214"}],"wp:attachment":[{"href":"https:\/\/securityhnos.com.ar\/home\/wp-json\/wp\/v2\/media?parent=5215"}],"wp:term":[{"taxonomy":"product_brand","embeddable":true,"href":"https:\/\/securityhnos.com.ar\/home\/wp-json\/wp\/v2\/product_brand?post=5215"},{"taxonomy":"product_cat","embeddable":true,"href":"https:\/\/securityhnos.com.ar\/home\/wp-json\/wp\/v2\/product_cat?post=5215"},{"taxonomy":"product_tag","embeddable":true,"href":"https:\/\/securityhnos.com.ar\/home\/wp-json\/wp\/v2\/product_tag?post=5215"}],"curies":[{"name":"wp","href":"https:\/\/api.w.org\/{rel}","templated":true}]}}