{"id":5213,"date":"2025-08-11T18:12:08","date_gmt":"2025-08-11T18:12:08","guid":{"rendered":"https:\/\/securityhnos.com.ar\/home\/product\/respirador-3m-9322-p2-con-valvula\/"},"modified":"2025-09-18T15:13:19","modified_gmt":"2025-09-18T18:13:19","slug":"respirador-3m-9322-p2-con-valvula","status":"publish","type":"product","link":"https:\/\/securityhnos.com.ar\/home\/product\/respirador-3m-9322-p2-con-valvula\/","title":{"rendered":"Respirador 3M\u2122 9322 P2 Con V\u00e1lvula"},"content":{"rendered":"","protected":false},"excerpt":{"rendered":"<p>El respirador 9322 de 3M\u2122 es parte de respiradores de dise\u00f1o exclusivo de 3 paneles para mayor comfort, f\u00e1cil comunicaci\u00f3n y aceptaci\u00f3n del usuario. Posee v\u00e1lvula de exhalaci\u00f3n Cool Flow\u2122 (v\u00e1lvula de aire fresco) que sirve contra part\u00edculas t\u00f3xicas tales como plomo, asbesto y ars\u00e9nico entre otras. De peso ligero y plegable para facilitar su almacenamiento y manejo. Tiene un exclusivo dise\u00f1o de 3 paneles que permite doblarla sin da\u00f1arla. Es plegable. Adicionalmente, el material en contacto con la piel es muy suave, por lo que la comodidad es mucho mayor. El respirador 9322 se recomienda para aplicaciones que producen polvos y neblinas tales como: fundiciones de hierro y acero, industria farmac\u00e9utica, agricultura, entre otras.<\/p>\n<p><strong>Marca: <\/strong>3M<\/p>\n<p><strong>Norma: <\/strong>EN149 &#8211; ISO9002 (EN29002)<\/p>\n[fusion_button link=\"\/wp-content\/uploads\/fichas-tecnicas\/e0ec1dcd60c103cbc9a36a962b72b3a6.pdf\" enable_hover_text_icon=\"yes\" hover_text=\"\" title=\"\" target=\"_blank\" link_attributes=\"\" aria_role_button=\"0\" alignment_medium=\"\" alignment_small=\"\" alignment=\"\" modal=\"\" hide_on_mobile=\"small-visibility,medium-visibility,large-visibility\" sticky_display=\"normal,sticky\" class=\"\" id=\"\" color=\"default\" button_gradient_top_color_hover=\"\" hue=\"\" saturation=\"\" lightness=\"\" alpha=\"\" button_gradient_top_color=\"\" button_gradient_bottom_color_hover=\"\" button_gradient_bottom_color=\"\" gradient_start_position=\"\" gradient_end_position=\"\" gradient_type=\"\" radial_direction=\"\" linear_angle=\"\" accent_hover_color=\"\" accent_color=\"\" type=\"\" bevel_color=\"\" bevel_color_hover=\"\" border_top=\"\" border_right=\"\" border_bottom=\"\" border_left=\"\" border_radius_top_left=\"\" border_radius_top_right=\"\" border_radius_bottom_right=\"\" border_radius_bottom_left=\"\" border_hover_color=\"\" border_color=\"\" size=\"\" padding_top=\"\" padding_right=\"\" padding_bottom=\"\" padding_left=\"\" fusion_font_family_button_font=\"\" fusion_font_variant_button_font=\"\" font_size=\"\" line_height=\"\" letter_spacing=\"\" text_transform=\"\" stretch=\"default\" margin_top=\"\" margin_right=\"\" margin_bottom=\"\" margin_left=\"\" icon=\"fa-arrow-down fas\" hover_icon=\"fa-chevron-circle-down fas\" icon_position=\"left\" icon_divider=\"no\" hover_transition=\"none\" animation_type=\"\" animation_direction=\"left\" animation_color=\"\" animation_speed=\"0.3\" animation_delay=\"0\" animation_offset=\"\"]Descargar ficha t\u00e9cnica[\/fusion_button]\n","protected":false},"featured_media":5212,"comment_status":"open","ping_status":"closed","template":"","meta":[],"product_brand":[276],"product_cat":[188],"product_tag":[],"class_list":{"0":"post-5213","1":"product","2":"type-product","3":"status-publish","4":"has-post-thumbnail","6":"product_brand-3m","7":"product_cat-epp","9":"first","10":"outofstock","11":"shipping-taxable","12":"product-type-variable"},"_links":{"self":[{"href":"https:\/\/securityhnos.com.ar\/home\/wp-json\/wp\/v2\/product\/5213","targetHints":{"allow":["GET"]}}],"collection":[{"href":"https:\/\/securityhnos.com.ar\/home\/wp-json\/wp\/v2\/product"}],"about":[{"href":"https:\/\/securityhnos.com.ar\/home\/wp-json\/wp\/v2\/types\/product"}],"replies":[{"embeddable":true,"href":"https:\/\/securityhnos.com.ar\/home\/wp-json\/wp\/v2\/comments?post=5213"}],"wp:featuredmedia":[{"embeddable":true,"href":"https:\/\/securityhnos.com.ar\/home\/wp-json\/wp\/v2\/media\/5212"}],"wp:attachment":[{"href":"https:\/\/securityhnos.com.ar\/home\/wp-json\/wp\/v2\/media?parent=5213"}],"wp:term":[{"taxonomy":"product_brand","embeddable":true,"href":"https:\/\/securityhnos.com.ar\/home\/wp-json\/wp\/v2\/product_brand?post=5213"},{"taxonomy":"product_cat","embeddable":true,"href":"https:\/\/securityhnos.com.ar\/home\/wp-json\/wp\/v2\/product_cat?post=5213"},{"taxonomy":"product_tag","embeddable":true,"href":"https:\/\/securityhnos.com.ar\/home\/wp-json\/wp\/v2\/product_tag?post=5213"}],"curies":[{"name":"wp","href":"https:\/\/api.w.org\/{rel}","templated":true}]}}