{"id":5142,"date":"2025-08-11T18:08:35","date_gmt":"2025-08-11T18:08:35","guid":{"rendered":"https:\/\/securityhnos.com.ar\/home\/product\/gorra-libus-con-casquete-plastico\/"},"modified":"2025-10-01T11:02:28","modified_gmt":"2025-10-01T14:02:28","slug":"gorra-libus-con-casquete-plastico","status":"publish","type":"product","link":"https:\/\/securityhnos.com.ar\/home\/product\/gorra-libus-con-casquete-plastico\/","title":{"rendered":"Gorra Libus Con Casquete Pl\u00e1stico"},"content":{"rendered":"","protected":false},"excerpt":{"rendered":"<p>Casquete pl\u00e1stico de policarbonato con almohadillas soft interna y externa para absorci\u00f3n de golpes. Cubierto por gorra textil de 6 gajos estilo b\u00e9isbol. Visera est\u00e1ndar de 7 cm. Ergon\u00f3mico y confortable. Desmontable. Tama\u00f1o \u00fanico con ajuste de medida (54 a 59 cm) por bandas de nuca con hebilla o velcro. T\u00edpicamente utilizada en ambientes de trabajo d\u00f3nde el usuario est\u00e1 en contacto con herramentas o maquinaria est\u00e1tica y pueda golpearse la cabeza.  NO cumple con los requisitos de OSHA o ANSI\/ISEA Z89.1 para protecci\u00f3n craneana.<\/p>\n<p><strong>Marca: <\/strong>LIBUS<\/p>\n[fusion_button link=\"\/wp-content\/uploads\/fichas-tecnicas\/13f16fbaa5cdd97ba5b01caa1b06f98e.pdf\" enable_hover_text_icon=\"yes\" hover_text=\"\" title=\"\" target=\"_blank\" link_attributes=\"\" aria_role_button=\"0\" alignment_medium=\"\" alignment_small=\"\" alignment=\"\" modal=\"\" hide_on_mobile=\"small-visibility,medium-visibility,large-visibility\" sticky_display=\"normal,sticky\" class=\"\" id=\"\" color=\"default\" button_gradient_top_color_hover=\"\" hue=\"\" saturation=\"\" lightness=\"\" alpha=\"\" button_gradient_top_color=\"\" button_gradient_bottom_color_hover=\"\" button_gradient_bottom_color=\"\" gradient_start_position=\"\" gradient_end_position=\"\" gradient_type=\"\" radial_direction=\"\" linear_angle=\"\" accent_hover_color=\"\" accent_color=\"\" type=\"\" bevel_color=\"\" bevel_color_hover=\"\" border_top=\"\" border_right=\"\" border_bottom=\"\" border_left=\"\" border_radius_top_left=\"\" border_radius_top_right=\"\" border_radius_bottom_right=\"\" border_radius_bottom_left=\"\" border_hover_color=\"\" border_color=\"\" size=\"\" padding_top=\"\" padding_right=\"\" padding_bottom=\"\" padding_left=\"\" fusion_font_family_button_font=\"\" fusion_font_variant_button_font=\"\" font_size=\"\" line_height=\"\" letter_spacing=\"\" text_transform=\"\" stretch=\"default\" margin_top=\"\" margin_right=\"\" margin_bottom=\"\" margin_left=\"\" icon=\"fa-arrow-down fas\" hover_icon=\"fa-chevron-circle-down fas\" icon_position=\"left\" icon_divider=\"no\" hover_transition=\"none\" animation_type=\"\" animation_direction=\"left\" animation_color=\"\" animation_speed=\"0.3\" animation_delay=\"0\" animation_offset=\"\"]Descargar ficha t\u00e9cnica[\/fusion_button]\n","protected":false},"featured_media":5140,"comment_status":"open","ping_status":"closed","template":"","meta":[],"product_brand":[285],"product_cat":[188,192],"product_tag":[],"class_list":{"0":"post-5142","1":"product","2":"type-product","3":"status-publish","4":"has-post-thumbnail","6":"product_brand-libus","7":"product_cat-epp","8":"product_cat-proteccion-craneana","10":"first","11":"instock","12":"shipping-taxable","13":"purchasable","14":"product-type-variable"},"_links":{"self":[{"href":"https:\/\/securityhnos.com.ar\/home\/wp-json\/wp\/v2\/product\/5142","targetHints":{"allow":["GET"]}}],"collection":[{"href":"https:\/\/securityhnos.com.ar\/home\/wp-json\/wp\/v2\/product"}],"about":[{"href":"https:\/\/securityhnos.com.ar\/home\/wp-json\/wp\/v2\/types\/product"}],"replies":[{"embeddable":true,"href":"https:\/\/securityhnos.com.ar\/home\/wp-json\/wp\/v2\/comments?post=5142"}],"wp:featuredmedia":[{"embeddable":true,"href":"https:\/\/securityhnos.com.ar\/home\/wp-json\/wp\/v2\/media\/5140"}],"wp:attachment":[{"href":"https:\/\/securityhnos.com.ar\/home\/wp-json\/wp\/v2\/media?parent=5142"}],"wp:term":[{"taxonomy":"product_brand","embeddable":true,"href":"https:\/\/securityhnos.com.ar\/home\/wp-json\/wp\/v2\/product_brand?post=5142"},{"taxonomy":"product_cat","embeddable":true,"href":"https:\/\/securityhnos.com.ar\/home\/wp-json\/wp\/v2\/product_cat?post=5142"},{"taxonomy":"product_tag","embeddable":true,"href":"https:\/\/securityhnos.com.ar\/home\/wp-json\/wp\/v2\/product_tag?post=5142"}],"curies":[{"name":"wp","href":"https:\/\/api.w.org\/{rel}","templated":true}]}}