{"id":5139,"date":"2025-08-11T18:08:27","date_gmt":"2025-08-11T18:08:27","guid":{"rendered":"https:\/\/securityhnos.com.ar\/home\/product\/protector-auditivo-endoaural-libus-quantum-nrr-26-db\/"},"modified":"2025-09-18T15:13:22","modified_gmt":"2025-09-18T18:13:22","slug":"protector-auditivo-endoaural-libus-quantum-nrr-26-db","status":"publish","type":"product","link":"https:\/\/securityhnos.com.ar\/home\/product\/protector-auditivo-endoaural-libus-quantum-nrr-26-db\/","title":{"rendered":"Protector Auditivo Endoaural Libus Quantum  (Nrr 26 Db)"},"content":{"rendered":"","protected":false},"excerpt":{"rendered":"<p>Tap\u00f3n que suministra protecci\u00f3n contra ruido por inserci\u00f3n en el canal auditivo.  Fabricado en pol\u00edmero ultra-soft hipo-alerg\u00e9nico, brinda un confortable y efectivo sello. Reutilizable.  Resistente a la cera del o\u00eddo y lavable. Dise\u00f1o de tres aletas que permite su ajuste a todos los canales auditivos. Modelo detectable: incluyen un inserto meta?lico que permite la deteccio?n de presencia ante pe?rdida. Recomendado para niveles moderados de ruido.<\/p>\n<p><strong>Materiales: <\/strong>Silicona<\/p>\n<p><strong>Marca: <\/strong>LIBUS<\/p>\n<p><strong>Norma: <\/strong>NRR 26 dB (ANSI S3.19 \u2013 1974)<\/p>\n[fusion_button link=\"\/wp-content\/uploads\/fichas-tecnicas\/3d2cc122ebaa974bb17ca9eecad65f25.pdf\" enable_hover_text_icon=\"yes\" hover_text=\"\" title=\"\" target=\"_blank\" link_attributes=\"\" aria_role_button=\"0\" alignment_medium=\"\" alignment_small=\"\" alignment=\"\" modal=\"\" hide_on_mobile=\"small-visibility,medium-visibility,large-visibility\" sticky_display=\"normal,sticky\" class=\"\" id=\"\" color=\"default\" button_gradient_top_color_hover=\"\" hue=\"\" saturation=\"\" lightness=\"\" alpha=\"\" button_gradient_top_color=\"\" button_gradient_bottom_color_hover=\"\" button_gradient_bottom_color=\"\" gradient_start_position=\"\" gradient_end_position=\"\" gradient_type=\"\" radial_direction=\"\" linear_angle=\"\" accent_hover_color=\"\" accent_color=\"\" type=\"\" bevel_color=\"\" bevel_color_hover=\"\" border_top=\"\" border_right=\"\" border_bottom=\"\" border_left=\"\" border_radius_top_left=\"\" border_radius_top_right=\"\" border_radius_bottom_right=\"\" border_radius_bottom_left=\"\" border_hover_color=\"\" border_color=\"\" size=\"\" padding_top=\"\" padding_right=\"\" padding_bottom=\"\" padding_left=\"\" fusion_font_family_button_font=\"\" fusion_font_variant_button_font=\"\" font_size=\"\" line_height=\"\" letter_spacing=\"\" text_transform=\"\" stretch=\"default\" margin_top=\"\" margin_right=\"\" margin_bottom=\"\" margin_left=\"\" icon=\"fa-arrow-down fas\" hover_icon=\"fa-chevron-circle-down fas\" icon_position=\"left\" icon_divider=\"no\" hover_transition=\"none\" animation_type=\"\" animation_direction=\"left\" animation_color=\"\" animation_speed=\"0.3\" animation_delay=\"0\" animation_offset=\"\"]Descargar ficha t\u00e9cnica[\/fusion_button]\n","protected":false},"featured_media":5138,"comment_status":"open","ping_status":"closed","template":"","meta":[],"product_brand":[285],"product_cat":[188,190],"product_tag":[],"class_list":{"0":"post-5139","1":"product","2":"type-product","3":"status-publish","4":"has-post-thumbnail","6":"product_brand-libus","7":"product_cat-epp","8":"product_cat-proteccion-auditiva","10":"first","11":"outofstock","12":"shipping-taxable","13":"product-type-variable"},"_links":{"self":[{"href":"https:\/\/securityhnos.com.ar\/home\/wp-json\/wp\/v2\/product\/5139","targetHints":{"allow":["GET"]}}],"collection":[{"href":"https:\/\/securityhnos.com.ar\/home\/wp-json\/wp\/v2\/product"}],"about":[{"href":"https:\/\/securityhnos.com.ar\/home\/wp-json\/wp\/v2\/types\/product"}],"replies":[{"embeddable":true,"href":"https:\/\/securityhnos.com.ar\/home\/wp-json\/wp\/v2\/comments?post=5139"}],"wp:featuredmedia":[{"embeddable":true,"href":"https:\/\/securityhnos.com.ar\/home\/wp-json\/wp\/v2\/media\/5138"}],"wp:attachment":[{"href":"https:\/\/securityhnos.com.ar\/home\/wp-json\/wp\/v2\/media?parent=5139"}],"wp:term":[{"taxonomy":"product_brand","embeddable":true,"href":"https:\/\/securityhnos.com.ar\/home\/wp-json\/wp\/v2\/product_brand?post=5139"},{"taxonomy":"product_cat","embeddable":true,"href":"https:\/\/securityhnos.com.ar\/home\/wp-json\/wp\/v2\/product_cat?post=5139"},{"taxonomy":"product_tag","embeddable":true,"href":"https:\/\/securityhnos.com.ar\/home\/wp-json\/wp\/v2\/product_tag?post=5139"}],"curies":[{"name":"wp","href":"https:\/\/api.w.org\/{rel}","templated":true}]}}