{"id":5133,"date":"2025-08-11T18:08:15","date_gmt":"2025-08-11T18:08:15","guid":{"rendered":"https:\/\/securityhnos.com.ar\/home\/product\/protector-auditivo-endoaural-3m-1270-nrr-24-db\/"},"modified":"2025-09-18T15:13:22","modified_gmt":"2025-09-18T18:13:22","slug":"protector-auditivo-endoaural-3m-1270-nrr-24-db","status":"publish","type":"product","link":"https:\/\/securityhnos.com.ar\/home\/product\/protector-auditivo-endoaural-3m-1270-nrr-24-db\/","title":{"rendered":"Protector Auditivo Endoaural 3M\u2122 1270  (Nrr 24 Db)"},"content":{"rendered":"","protected":false},"excerpt":{"rendered":"<p>Los tapones auditivos reusables con cord\u00f3n 3M 1270, fabricados con materiales hipoalerg\u00e9nicos, brindan una efectiva e higi\u00e9nica protecci\u00f3n a los trabajadores que se desempe\u00f1an en \u00e1reas donde los niveles de ruido superan los 85 dB(A) por jornada de trabajo. Son de f\u00e1cil limpieza, s\u00f3lo es necesario agua y jab\u00f3n.<\/p>\n<p><strong>Materiales: <\/strong>Silicona<\/p>\n<p><strong>Marca: <\/strong>3M<\/p>\n[fusion_button link=\"\/wp-content\/uploads\/fichas-tecnicas\/77d4d8e98cd80ec659d56f143db4d5e9.pdf\" enable_hover_text_icon=\"yes\" hover_text=\"\" title=\"\" target=\"_blank\" link_attributes=\"\" aria_role_button=\"0\" alignment_medium=\"\" alignment_small=\"\" alignment=\"\" modal=\"\" hide_on_mobile=\"small-visibility,medium-visibility,large-visibility\" sticky_display=\"normal,sticky\" class=\"\" id=\"\" color=\"default\" button_gradient_top_color_hover=\"\" hue=\"\" saturation=\"\" lightness=\"\" alpha=\"\" button_gradient_top_color=\"\" button_gradient_bottom_color_hover=\"\" button_gradient_bottom_color=\"\" gradient_start_position=\"\" gradient_end_position=\"\" gradient_type=\"\" radial_direction=\"\" linear_angle=\"\" accent_hover_color=\"\" accent_color=\"\" type=\"\" bevel_color=\"\" bevel_color_hover=\"\" border_top=\"\" border_right=\"\" border_bottom=\"\" border_left=\"\" border_radius_top_left=\"\" border_radius_top_right=\"\" border_radius_bottom_right=\"\" border_radius_bottom_left=\"\" border_hover_color=\"\" border_color=\"\" size=\"\" padding_top=\"\" padding_right=\"\" padding_bottom=\"\" padding_left=\"\" fusion_font_family_button_font=\"\" fusion_font_variant_button_font=\"\" font_size=\"\" line_height=\"\" letter_spacing=\"\" text_transform=\"\" stretch=\"default\" margin_top=\"\" margin_right=\"\" margin_bottom=\"\" margin_left=\"\" icon=\"fa-arrow-down fas\" hover_icon=\"fa-chevron-circle-down fas\" icon_position=\"left\" icon_divider=\"no\" hover_transition=\"none\" animation_type=\"\" animation_direction=\"left\" animation_color=\"\" animation_speed=\"0.3\" animation_delay=\"0\" animation_offset=\"\"]Descargar ficha t\u00e9cnica[\/fusion_button]\n","protected":false},"featured_media":5132,"comment_status":"open","ping_status":"closed","template":"","meta":[],"product_brand":[276],"product_cat":[188,190],"product_tag":[],"class_list":{"0":"post-5133","1":"product","2":"type-product","3":"status-publish","4":"has-post-thumbnail","6":"product_brand-3m","7":"product_cat-epp","8":"product_cat-proteccion-auditiva","10":"first","11":"outofstock","12":"shipping-taxable","13":"product-type-variable"},"_links":{"self":[{"href":"https:\/\/securityhnos.com.ar\/home\/wp-json\/wp\/v2\/product\/5133","targetHints":{"allow":["GET"]}}],"collection":[{"href":"https:\/\/securityhnos.com.ar\/home\/wp-json\/wp\/v2\/product"}],"about":[{"href":"https:\/\/securityhnos.com.ar\/home\/wp-json\/wp\/v2\/types\/product"}],"replies":[{"embeddable":true,"href":"https:\/\/securityhnos.com.ar\/home\/wp-json\/wp\/v2\/comments?post=5133"}],"wp:featuredmedia":[{"embeddable":true,"href":"https:\/\/securityhnos.com.ar\/home\/wp-json\/wp\/v2\/media\/5132"}],"wp:attachment":[{"href":"https:\/\/securityhnos.com.ar\/home\/wp-json\/wp\/v2\/media?parent=5133"}],"wp:term":[{"taxonomy":"product_brand","embeddable":true,"href":"https:\/\/securityhnos.com.ar\/home\/wp-json\/wp\/v2\/product_brand?post=5133"},{"taxonomy":"product_cat","embeddable":true,"href":"https:\/\/securityhnos.com.ar\/home\/wp-json\/wp\/v2\/product_cat?post=5133"},{"taxonomy":"product_tag","embeddable":true,"href":"https:\/\/securityhnos.com.ar\/home\/wp-json\/wp\/v2\/product_tag?post=5133"}],"curies":[{"name":"wp","href":"https:\/\/api.w.org\/{rel}","templated":true}]}}