{"id":5089,"date":"2025-08-11T18:03:32","date_gmt":"2025-08-11T18:03:32","guid":{"rendered":"https:\/\/securityhnos.com.ar\/home\/product\/antparra-3m-ares\/"},"modified":"2025-09-18T15:13:24","modified_gmt":"2025-09-18T18:13:24","slug":"antparra-3m-ares","status":"publish","type":"product","link":"https:\/\/securityhnos.com.ar\/home\/product\/antparra-3m-ares\/","title":{"rendered":"Antparra 3M\u2122 Ares"},"content":{"rendered":"","protected":false},"excerpt":{"rendered":"<p>Nueva Laca 3M Extreme Vision de alta eficiencia que provee una resistencia superior a las rayaduras y al empa\u00f1amiento, alargando la vida \u00fatil de estas antiparras. La lente de policarbonato anti-empa\u00f1amiento y anti-rayaduras filtra m\u00e1s del 99.9% de los niveles nocivos de radiaci\u00f3n UV. Dise\u00f1o envolvente de bajo perfil y marco confeccionado de materiales suaves que ofrecen un confort superior para largos tiempos de uso. Banda de ajuste regulable que se adapta a los distintos tama\u00f1os de cabeza. Montura de goma suave que brinda confort durante un uso prolongado. El puente nasal de ajuste universal se adapta al contorno facial para asegurar un ajuste confortable. Sistema de ventilaci\u00f3n indirecta que ofrece ventilaci\u00f3n y previene el ingreso de material particulado.  Peso: 91gms.<\/p>\n<p><strong>Materiales: <\/strong>Lente Policarbonato &#8211; Montura Polipropileno y HDPE &#8211; Vincha El\u00e1stico textil &#8211; Sost\u00e9n de la vincha policarbonato<\/p>\n<p><strong>Marca: <\/strong>3M<\/p>\n<p><strong>Norma: <\/strong>IRAM EN166<\/p>\n[fusion_button link=\"\/wp-content\/uploads\/fichas-tecnicas\/fb8fd65611a0ad147234929157faeccd.pdf\" enable_hover_text_icon=\"yes\" hover_text=\"\" title=\"\" target=\"_blank\" link_attributes=\"\" aria_role_button=\"0\" alignment_medium=\"\" alignment_small=\"\" alignment=\"\" modal=\"\" hide_on_mobile=\"small-visibility,medium-visibility,large-visibility\" sticky_display=\"normal,sticky\" class=\"\" id=\"\" color=\"default\" button_gradient_top_color_hover=\"\" hue=\"\" saturation=\"\" lightness=\"\" alpha=\"\" button_gradient_top_color=\"\" button_gradient_bottom_color_hover=\"\" button_gradient_bottom_color=\"\" gradient_start_position=\"\" gradient_end_position=\"\" gradient_type=\"\" radial_direction=\"\" linear_angle=\"\" accent_hover_color=\"\" accent_color=\"\" type=\"\" bevel_color=\"\" bevel_color_hover=\"\" border_top=\"\" border_right=\"\" border_bottom=\"\" border_left=\"\" border_radius_top_left=\"\" border_radius_top_right=\"\" border_radius_bottom_right=\"\" border_radius_bottom_left=\"\" border_hover_color=\"\" border_color=\"\" size=\"\" padding_top=\"\" padding_right=\"\" padding_bottom=\"\" padding_left=\"\" fusion_font_family_button_font=\"\" fusion_font_variant_button_font=\"\" font_size=\"\" line_height=\"\" letter_spacing=\"\" text_transform=\"\" stretch=\"default\" margin_top=\"\" margin_right=\"\" margin_bottom=\"\" margin_left=\"\" icon=\"fa-arrow-down fas\" hover_icon=\"fa-chevron-circle-down fas\" icon_position=\"left\" icon_divider=\"no\" hover_transition=\"none\" animation_type=\"\" animation_direction=\"left\" animation_color=\"\" animation_speed=\"0.3\" animation_delay=\"0\" animation_offset=\"\"]Descargar ficha t\u00e9cnica[\/fusion_button]\n","protected":false},"featured_media":5088,"comment_status":"open","ping_status":"closed","template":"","meta":[],"product_brand":[276],"product_cat":[188],"product_tag":[],"class_list":{"0":"post-5089","1":"product","2":"type-product","3":"status-publish","4":"has-post-thumbnail","6":"product_brand-3m","7":"product_cat-epp","9":"first","10":"outofstock","11":"shipping-taxable","12":"product-type-variable"},"_links":{"self":[{"href":"https:\/\/securityhnos.com.ar\/home\/wp-json\/wp\/v2\/product\/5089","targetHints":{"allow":["GET"]}}],"collection":[{"href":"https:\/\/securityhnos.com.ar\/home\/wp-json\/wp\/v2\/product"}],"about":[{"href":"https:\/\/securityhnos.com.ar\/home\/wp-json\/wp\/v2\/types\/product"}],"replies":[{"embeddable":true,"href":"https:\/\/securityhnos.com.ar\/home\/wp-json\/wp\/v2\/comments?post=5089"}],"wp:featuredmedia":[{"embeddable":true,"href":"https:\/\/securityhnos.com.ar\/home\/wp-json\/wp\/v2\/media\/5088"}],"wp:attachment":[{"href":"https:\/\/securityhnos.com.ar\/home\/wp-json\/wp\/v2\/media?parent=5089"}],"wp:term":[{"taxonomy":"product_brand","embeddable":true,"href":"https:\/\/securityhnos.com.ar\/home\/wp-json\/wp\/v2\/product_brand?post=5089"},{"taxonomy":"product_cat","embeddable":true,"href":"https:\/\/securityhnos.com.ar\/home\/wp-json\/wp\/v2\/product_cat?post=5089"},{"taxonomy":"product_tag","embeddable":true,"href":"https:\/\/securityhnos.com.ar\/home\/wp-json\/wp\/v2\/product_tag?post=5089"}],"curies":[{"name":"wp","href":"https:\/\/api.w.org\/{rel}","templated":true}]}}