{"id":5016,"date":"2025-08-11T17:57:04","date_gmt":"2025-08-11T17:57:04","guid":{"rendered":"https:\/\/securityhnos.com.ar\/home\/product\/semimascara-3m-serie-6000-s-6100-m-6200-l-6300\/"},"modified":"2025-09-18T15:13:26","modified_gmt":"2025-09-18T18:13:26","slug":"semimascara-3m-serie-6000-s-6100-m-6200-l-6300","status":"publish","type":"product","link":"https:\/\/securityhnos.com.ar\/home\/product\/semimascara-3m-serie-6000-s-6100-m-6200-l-6300\/","title":{"rendered":"Semimascara 3M\u2122 Serie 6000 (S-6100  M-6200  L-6300)"},"content":{"rendered":"","protected":false},"excerpt":{"rendered":"<p>Las Medias m\u00e1scaras reutilizables 3M\u2122 de la serie 6000 son econ\u00f3micas, de mantenimiento reducido, sencillas de manejar y extremadamente ligeras. Las Medias m\u00e1scaras 3M\u2122 de la serie 6000 tambi\u00e9n pueden utilizarse conjuntamente con los Sistemas de suministro de aire 3M\u2122 para mayor comodidad y flexibilidad. Arn\u00e9s de sujeci\u00f3n con suspensi\u00f3n del soporte para ofrecer un ajuste c\u00f3modo Material elastom\u00e9rico ligero para un mayor confort durante largos per\u00edodos de trabajo. Su dise\u00f1o de perfil bajo hace pr\u00e1cticamente desaparecer las interferencias en el campo de visi\u00f3n El dise\u00f1o de doble filtro ofrece una menor resistencia a la respiraci\u00f3n<\/p>\n<p><strong>Materiales: <\/strong>Elast\u00f3mero termopl\u00e1stico (TPE)<\/p>\n<p><strong>Marca: <\/strong>3M<\/p>\n[fusion_button link=\"\/wp-content\/uploads\/fichas-tecnicas\/9bba4f15d56d500e0be78216747f851d.pdf\" enable_hover_text_icon=\"yes\" hover_text=\"\" title=\"\" target=\"_blank\" link_attributes=\"\" aria_role_button=\"0\" alignment_medium=\"\" alignment_small=\"\" alignment=\"\" modal=\"\" hide_on_mobile=\"small-visibility,medium-visibility,large-visibility\" sticky_display=\"normal,sticky\" class=\"\" id=\"\" color=\"default\" button_gradient_top_color_hover=\"\" hue=\"\" saturation=\"\" lightness=\"\" alpha=\"\" button_gradient_top_color=\"\" button_gradient_bottom_color_hover=\"\" button_gradient_bottom_color=\"\" gradient_start_position=\"\" gradient_end_position=\"\" gradient_type=\"\" radial_direction=\"\" linear_angle=\"\" accent_hover_color=\"\" accent_color=\"\" type=\"\" bevel_color=\"\" bevel_color_hover=\"\" border_top=\"\" border_right=\"\" border_bottom=\"\" border_left=\"\" border_radius_top_left=\"\" border_radius_top_right=\"\" border_radius_bottom_right=\"\" border_radius_bottom_left=\"\" border_hover_color=\"\" border_color=\"\" size=\"\" padding_top=\"\" padding_right=\"\" padding_bottom=\"\" padding_left=\"\" fusion_font_family_button_font=\"\" fusion_font_variant_button_font=\"\" font_size=\"\" line_height=\"\" letter_spacing=\"\" text_transform=\"\" stretch=\"default\" margin_top=\"\" margin_right=\"\" margin_bottom=\"\" margin_left=\"\" icon=\"fa-arrow-down fas\" hover_icon=\"fa-chevron-circle-down fas\" icon_position=\"left\" icon_divider=\"no\" hover_transition=\"none\" animation_type=\"\" animation_direction=\"left\" animation_color=\"\" animation_speed=\"0.3\" animation_delay=\"0\" animation_offset=\"\"]Descargar ficha t\u00e9cnica[\/fusion_button]\n","protected":false},"featured_media":5015,"comment_status":"open","ping_status":"closed","template":"","meta":[],"product_brand":[276],"product_cat":[188],"product_tag":[],"class_list":{"0":"post-5016","1":"product","2":"type-product","3":"status-publish","4":"has-post-thumbnail","6":"product_brand-3m","7":"product_cat-epp","9":"first","10":"outofstock","11":"shipping-taxable","12":"product-type-variable"},"_links":{"self":[{"href":"https:\/\/securityhnos.com.ar\/home\/wp-json\/wp\/v2\/product\/5016","targetHints":{"allow":["GET"]}}],"collection":[{"href":"https:\/\/securityhnos.com.ar\/home\/wp-json\/wp\/v2\/product"}],"about":[{"href":"https:\/\/securityhnos.com.ar\/home\/wp-json\/wp\/v2\/types\/product"}],"replies":[{"embeddable":true,"href":"https:\/\/securityhnos.com.ar\/home\/wp-json\/wp\/v2\/comments?post=5016"}],"wp:featuredmedia":[{"embeddable":true,"href":"https:\/\/securityhnos.com.ar\/home\/wp-json\/wp\/v2\/media\/5015"}],"wp:attachment":[{"href":"https:\/\/securityhnos.com.ar\/home\/wp-json\/wp\/v2\/media?parent=5016"}],"wp:term":[{"taxonomy":"product_brand","embeddable":true,"href":"https:\/\/securityhnos.com.ar\/home\/wp-json\/wp\/v2\/product_brand?post=5016"},{"taxonomy":"product_cat","embeddable":true,"href":"https:\/\/securityhnos.com.ar\/home\/wp-json\/wp\/v2\/product_cat?post=5016"},{"taxonomy":"product_tag","embeddable":true,"href":"https:\/\/securityhnos.com.ar\/home\/wp-json\/wp\/v2\/product_tag?post=5016"}],"curies":[{"name":"wp","href":"https:\/\/api.w.org\/{rel}","templated":true}]}}