{"id":4997,"date":"2025-08-11T17:55:40","date_gmt":"2025-08-11T17:55:40","guid":{"rendered":"https:\/\/securityhnos.com.ar\/home\/product\/filtro-3m-2091-07000aad-para-particulas-p100\/"},"modified":"2025-09-18T15:13:27","modified_gmt":"2025-09-18T18:13:27","slug":"filtro-3m-2091-07000aad-para-particulas-p100","status":"publish","type":"product","link":"https:\/\/securityhnos.com.ar\/home\/product\/filtro-3m-2091-07000aad-para-particulas-p100\/","title":{"rendered":"Filtro 3M\u2122 2091\/07000(Aad) &#8211; Para Particulas P100"},"content":{"rendered":"","protected":false},"excerpt":{"rendered":"<p>Aprobado por NIOSH para ambientes con ciertas part\u00edculas aceitosas y no aceitosas.  Usar con respiradores 3M de la series 5000 o cartuchos 3m serie 6000 con adaptador 3M 502 o m\u00e1scaras medias y completas 3M serie 6000, 7000 y FF-400 con soporte de filtro para bayoneta. Cuando est\u00e9 ajustado correctamente, usar en una variedad de aplicaciones incluyendo soldadura, corte con soplete, vertido de metales y para la exposici\u00f3n a plomo, asbesto, cadmio, ars\u00e9nico y MDS para concentraciones hasta 10 veces superiores al l\u00edmite de exposici\u00f3n permisible (PEL) con medias m\u00e1scaras o 50 veces por encima del PL para m\u00e1scaras completas. Las m\u00e1scaras completas deber\u00e1n pasar una prueba de ajuste cuantitativa para clamar el factor de protecci\u00f3n asignado por encima de 10 en modo de presi\u00f3n negativa. No usar en ambientes que representan un peligro inmediato para la vida o la salud (DILH).<\/p>\n<p><strong>Marca: <\/strong>3M<\/p>\n<p><strong>Norma: <\/strong>P100<\/p>\n[fusion_button link=\"\/wp-content\/uploads\/fichas-tecnicas\/ba9b8ec4a99085c0e85fecec48e8af16.pdf\" enable_hover_text_icon=\"yes\" hover_text=\"\" title=\"\" target=\"_blank\" link_attributes=\"\" aria_role_button=\"0\" alignment_medium=\"\" alignment_small=\"\" alignment=\"\" modal=\"\" hide_on_mobile=\"small-visibility,medium-visibility,large-visibility\" sticky_display=\"normal,sticky\" class=\"\" id=\"\" color=\"default\" button_gradient_top_color_hover=\"\" hue=\"\" saturation=\"\" lightness=\"\" alpha=\"\" button_gradient_top_color=\"\" button_gradient_bottom_color_hover=\"\" button_gradient_bottom_color=\"\" gradient_start_position=\"\" gradient_end_position=\"\" gradient_type=\"\" radial_direction=\"\" linear_angle=\"\" accent_hover_color=\"\" accent_color=\"\" type=\"\" bevel_color=\"\" bevel_color_hover=\"\" border_top=\"\" border_right=\"\" border_bottom=\"\" border_left=\"\" border_radius_top_left=\"\" border_radius_top_right=\"\" border_radius_bottom_right=\"\" border_radius_bottom_left=\"\" border_hover_color=\"\" border_color=\"\" size=\"\" padding_top=\"\" padding_right=\"\" padding_bottom=\"\" padding_left=\"\" fusion_font_family_button_font=\"\" fusion_font_variant_button_font=\"\" font_size=\"\" line_height=\"\" letter_spacing=\"\" text_transform=\"\" stretch=\"default\" margin_top=\"\" margin_right=\"\" margin_bottom=\"\" margin_left=\"\" icon=\"fa-arrow-down fas\" hover_icon=\"fa-chevron-circle-down fas\" icon_position=\"left\" icon_divider=\"no\" hover_transition=\"none\" animation_type=\"\" animation_direction=\"left\" animation_color=\"\" animation_speed=\"0.3\" animation_delay=\"0\" animation_offset=\"\"]Descargar ficha t\u00e9cnica[\/fusion_button]\n","protected":false},"featured_media":4996,"comment_status":"open","ping_status":"closed","template":"","meta":[],"product_brand":[276],"product_cat":[188],"product_tag":[],"class_list":{"0":"post-4997","1":"product","2":"type-product","3":"status-publish","4":"has-post-thumbnail","6":"product_brand-3m","7":"product_cat-epp","9":"first","10":"outofstock","11":"shipping-taxable","12":"product-type-variable"},"_links":{"self":[{"href":"https:\/\/securityhnos.com.ar\/home\/wp-json\/wp\/v2\/product\/4997","targetHints":{"allow":["GET"]}}],"collection":[{"href":"https:\/\/securityhnos.com.ar\/home\/wp-json\/wp\/v2\/product"}],"about":[{"href":"https:\/\/securityhnos.com.ar\/home\/wp-json\/wp\/v2\/types\/product"}],"replies":[{"embeddable":true,"href":"https:\/\/securityhnos.com.ar\/home\/wp-json\/wp\/v2\/comments?post=4997"}],"wp:featuredmedia":[{"embeddable":true,"href":"https:\/\/securityhnos.com.ar\/home\/wp-json\/wp\/v2\/media\/4996"}],"wp:attachment":[{"href":"https:\/\/securityhnos.com.ar\/home\/wp-json\/wp\/v2\/media?parent=4997"}],"wp:term":[{"taxonomy":"product_brand","embeddable":true,"href":"https:\/\/securityhnos.com.ar\/home\/wp-json\/wp\/v2\/product_brand?post=4997"},{"taxonomy":"product_cat","embeddable":true,"href":"https:\/\/securityhnos.com.ar\/home\/wp-json\/wp\/v2\/product_cat?post=4997"},{"taxonomy":"product_tag","embeddable":true,"href":"https:\/\/securityhnos.com.ar\/home\/wp-json\/wp\/v2\/product_tag?post=4997"}],"curies":[{"name":"wp","href":"https:\/\/api.w.org\/{rel}","templated":true}]}}