{"id":4985,"date":"2025-08-11T17:54:39","date_gmt":"2025-08-11T17:54:39","guid":{"rendered":"https:\/\/securityhnos.com.ar\/home\/product\/casco-3m-h700\/"},"modified":"2025-09-18T15:13:27","modified_gmt":"2025-09-18T18:13:27","slug":"casco-3m-h700","status":"publish","type":"product","link":"https:\/\/securityhnos.com.ar\/home\/product\/casco-3m-h700\/","title":{"rendered":"Casco 3M H700"},"content":{"rendered":"","protected":false},"excerpt":{"rendered":"<p>M\u00e1ximo Confort, Desempe\u00f1o de Alta Resistencia Especialmente desarrollado para brindar mayores niveles de comodidad, balance y estabilidad. Dise\u00f1o \u00fanico que lo hace m\u00e1s resistente mientras que su bajo perfil lo hace ligero. Su clave est\u00e1 en el exclusivo sistema de alta calidad del arn\u00e9s, con sudadera que contiene orificios de ventilaci\u00f3n El arn\u00e9s a cremallera permite un ajuste exacto al tama\u00f1o de cabeza del usuario, haciendo que el casco permanezca balanceado y estable durante toda la jornada laboral.<\/p>\n<p><strong>Materiales: <\/strong>Estructura de polietileno<\/p>\n<p><strong>Marca: <\/strong>SECURITY<\/p>\n[fusion_button link=\"\/wp-content\/uploads\/fichas-tecnicas\/6acfb58560eb5f4a2db90fe61ca69129.pdf\" enable_hover_text_icon=\"yes\" hover_text=\"\" title=\"\" target=\"_blank\" link_attributes=\"\" aria_role_button=\"0\" alignment_medium=\"\" alignment_small=\"\" alignment=\"\" modal=\"\" hide_on_mobile=\"small-visibility,medium-visibility,large-visibility\" sticky_display=\"normal,sticky\" class=\"\" id=\"\" color=\"default\" button_gradient_top_color_hover=\"\" hue=\"\" saturation=\"\" lightness=\"\" alpha=\"\" button_gradient_top_color=\"\" button_gradient_bottom_color_hover=\"\" button_gradient_bottom_color=\"\" gradient_start_position=\"\" gradient_end_position=\"\" gradient_type=\"\" radial_direction=\"\" linear_angle=\"\" accent_hover_color=\"\" accent_color=\"\" type=\"\" bevel_color=\"\" bevel_color_hover=\"\" border_top=\"\" border_right=\"\" border_bottom=\"\" border_left=\"\" border_radius_top_left=\"\" border_radius_top_right=\"\" border_radius_bottom_right=\"\" border_radius_bottom_left=\"\" border_hover_color=\"\" border_color=\"\" size=\"\" padding_top=\"\" padding_right=\"\" padding_bottom=\"\" padding_left=\"\" fusion_font_family_button_font=\"\" fusion_font_variant_button_font=\"\" font_size=\"\" line_height=\"\" letter_spacing=\"\" text_transform=\"\" stretch=\"default\" margin_top=\"\" margin_right=\"\" margin_bottom=\"\" margin_left=\"\" icon=\"fa-arrow-down fas\" hover_icon=\"fa-chevron-circle-down fas\" icon_position=\"left\" icon_divider=\"no\" hover_transition=\"none\" animation_type=\"\" animation_direction=\"left\" animation_color=\"\" animation_speed=\"0.3\" animation_delay=\"0\" animation_offset=\"\"]Descargar ficha t\u00e9cnica[\/fusion_button]\n","protected":false},"featured_media":4984,"comment_status":"open","ping_status":"closed","template":"","meta":[],"product_brand":[235],"product_cat":[188,192],"product_tag":[],"class_list":{"0":"post-4985","1":"product","2":"type-product","3":"status-publish","4":"has-post-thumbnail","6":"product_brand-security","7":"product_cat-epp","8":"product_cat-proteccion-craneana","10":"first","11":"outofstock","12":"shipping-taxable","13":"product-type-variable"},"_links":{"self":[{"href":"https:\/\/securityhnos.com.ar\/home\/wp-json\/wp\/v2\/product\/4985","targetHints":{"allow":["GET"]}}],"collection":[{"href":"https:\/\/securityhnos.com.ar\/home\/wp-json\/wp\/v2\/product"}],"about":[{"href":"https:\/\/securityhnos.com.ar\/home\/wp-json\/wp\/v2\/types\/product"}],"replies":[{"embeddable":true,"href":"https:\/\/securityhnos.com.ar\/home\/wp-json\/wp\/v2\/comments?post=4985"}],"wp:featuredmedia":[{"embeddable":true,"href":"https:\/\/securityhnos.com.ar\/home\/wp-json\/wp\/v2\/media\/4984"}],"wp:attachment":[{"href":"https:\/\/securityhnos.com.ar\/home\/wp-json\/wp\/v2\/media?parent=4985"}],"wp:term":[{"taxonomy":"product_brand","embeddable":true,"href":"https:\/\/securityhnos.com.ar\/home\/wp-json\/wp\/v2\/product_brand?post=4985"},{"taxonomy":"product_cat","embeddable":true,"href":"https:\/\/securityhnos.com.ar\/home\/wp-json\/wp\/v2\/product_cat?post=4985"},{"taxonomy":"product_tag","embeddable":true,"href":"https:\/\/securityhnos.com.ar\/home\/wp-json\/wp\/v2\/product_tag?post=4985"}],"curies":[{"name":"wp","href":"https:\/\/api.w.org\/{rel}","templated":true}]}}