{"id":4976,"date":"2025-08-11T17:53:57","date_gmt":"2025-08-11T17:53:57","guid":{"rendered":"https:\/\/securityhnos.com.ar\/home\/product\/anteojos-msa-sierra-elite\/"},"modified":"2025-09-18T15:13:28","modified_gmt":"2025-09-18T18:13:28","slug":"anteojos-msa-sierra-elite","status":"publish","type":"product","link":"https:\/\/securityhnos.com.ar\/home\/product\/anteojos-msa-sierra-elite\/","title":{"rendered":"Anteojos Msa Sierra Elite"},"content":{"rendered":"","protected":false},"excerpt":{"rendered":"<p>Anteojo de seguridad econ\u00f3mico para uso industrial. Visi\u00f3n panor\u00e1mica y protecci\u00f3n lateral. Armaz\u00f3n de nylon con patillas telesc\u00f3picas regulables. Lente antirayadura con recubrimiento Tuff-Stuff, con disponibilidad de repuestos. Lente antiempa\u00f1o\/antirayadura (disponible en lente transparente o gris) Dise\u00f1o estilizado y moderno.<\/p>\n<p><strong>Marca: <\/strong>SECURITY<\/p>\n<p><strong>Norma: <\/strong>Todos los productos de protecci\u00f3n ocular MSA poseen Sello S y Certificaci\u00f3n IRAM correspondiente. Cuentan tambi\u00e9n con certificaci\u00f3n Europea (CE\/EN166) y con lo requerido por la Norma Americana (ANSI\/ISEA Z87.1).<\/p>\n[fusion_button link=\"https:\/\/www.securityhnos.com.ar\/#\" enable_hover_text_icon=\"yes\" hover_text=\"\" title=\"\" target=\"_blank\" link_attributes=\"\" aria_role_button=\"0\" alignment_medium=\"\" alignment_small=\"\" alignment=\"\" modal=\"\" hide_on_mobile=\"small-visibility,medium-visibility,large-visibility\" sticky_display=\"normal,sticky\" class=\"\" id=\"\" color=\"default\" button_gradient_top_color_hover=\"\" hue=\"\" saturation=\"\" lightness=\"\" alpha=\"\" button_gradient_top_color=\"\" button_gradient_bottom_color_hover=\"\" button_gradient_bottom_color=\"\" gradient_start_position=\"\" gradient_end_position=\"\" gradient_type=\"\" radial_direction=\"\" linear_angle=\"\" accent_hover_color=\"\" accent_color=\"\" type=\"\" bevel_color=\"\" bevel_color_hover=\"\" border_top=\"\" border_right=\"\" border_bottom=\"\" border_left=\"\" border_radius_top_left=\"\" border_radius_top_right=\"\" border_radius_bottom_right=\"\" border_radius_bottom_left=\"\" border_hover_color=\"\" border_color=\"\" size=\"\" padding_top=\"\" padding_right=\"\" padding_bottom=\"\" padding_left=\"\" fusion_font_family_button_font=\"\" fusion_font_variant_button_font=\"\" font_size=\"\" line_height=\"\" letter_spacing=\"\" text_transform=\"\" stretch=\"default\" margin_top=\"\" margin_right=\"\" margin_bottom=\"\" margin_left=\"\" icon=\"fa-arrow-down fas\" hover_icon=\"fa-chevron-circle-down fas\" icon_position=\"left\" icon_divider=\"no\" hover_transition=\"none\" animation_type=\"\" animation_direction=\"left\" animation_color=\"\" animation_speed=\"0.3\" animation_delay=\"0\" animation_offset=\"\"]Descargar ficha t\u00e9cnica[\/fusion_button]\n","protected":false},"featured_media":4975,"comment_status":"open","ping_status":"closed","template":"","meta":[],"product_brand":[235],"product_cat":[188],"product_tag":[],"class_list":{"0":"post-4976","1":"product","2":"type-product","3":"status-publish","4":"has-post-thumbnail","6":"product_brand-security","7":"product_cat-epp","9":"first","10":"outofstock","11":"shipping-taxable","12":"product-type-variable"},"_links":{"self":[{"href":"https:\/\/securityhnos.com.ar\/home\/wp-json\/wp\/v2\/product\/4976","targetHints":{"allow":["GET"]}}],"collection":[{"href":"https:\/\/securityhnos.com.ar\/home\/wp-json\/wp\/v2\/product"}],"about":[{"href":"https:\/\/securityhnos.com.ar\/home\/wp-json\/wp\/v2\/types\/product"}],"replies":[{"embeddable":true,"href":"https:\/\/securityhnos.com.ar\/home\/wp-json\/wp\/v2\/comments?post=4976"}],"wp:featuredmedia":[{"embeddable":true,"href":"https:\/\/securityhnos.com.ar\/home\/wp-json\/wp\/v2\/media\/4975"}],"wp:attachment":[{"href":"https:\/\/securityhnos.com.ar\/home\/wp-json\/wp\/v2\/media?parent=4976"}],"wp:term":[{"taxonomy":"product_brand","embeddable":true,"href":"https:\/\/securityhnos.com.ar\/home\/wp-json\/wp\/v2\/product_brand?post=4976"},{"taxonomy":"product_cat","embeddable":true,"href":"https:\/\/securityhnos.com.ar\/home\/wp-json\/wp\/v2\/product_cat?post=4976"},{"taxonomy":"product_tag","embeddable":true,"href":"https:\/\/securityhnos.com.ar\/home\/wp-json\/wp\/v2\/product_tag?post=4976"}],"curies":[{"name":"wp","href":"https:\/\/api.w.org\/{rel}","templated":true}]}}