{"id":7931,"date":"2026-04-16T15:47:25","date_gmt":"2026-04-16T18:47:25","guid":{"rendered":"https:\/\/securityhnos.com.ar\/home\/?page_id=7931"},"modified":"2026-04-16T15:47:25","modified_gmt":"2026-04-16T18:47:25","slug":"terminos-y-condiciones","status":"publish","type":"page","link":"https:\/\/securityhnos.com.ar\/home\/terminos-y-condiciones\/","title":{"rendered":"T\u00e9rminos y condiciones"},"content":{"rendered":"<p><\/p>\r\n<p class=\"wp-block-heading\">El uso de este sitio implica la aceptaci\u00f3n de sus t\u00e9rminos de uso. Los contenidos aqu\u00ed publicados son informativos, no constituyen oferta contractual definitiva y no pueden ser reproducidos sin autorizaci\u00f3n previa.<\/p>\r\n<p>&nbsp;<\/p>\r\n<p>&nbsp;<\/p>","protected":false},"excerpt":{"rendered":"<p>El uso de este sitio implica la aceptaci\u00f3n de sus t\u00e9rminos de uso. Los<\/p>\n","protected":false},"author":1,"featured_media":0,"parent":0,"menu_order":0,"comment_status":"closed","ping_status":"open","template":"","meta":{"footnotes":""},"class_list":["post-7931","page","type-page","status-publish","hentry"],"_links":{"self":[{"href":"https:\/\/securityhnos.com.ar\/home\/wp-json\/wp\/v2\/pages\/7931","targetHints":{"allow":["GET"]}}],"collection":[{"href":"https:\/\/securityhnos.com.ar\/home\/wp-json\/wp\/v2\/pages"}],"about":[{"href":"https:\/\/securityhnos.com.ar\/home\/wp-json\/wp\/v2\/types\/page"}],"author":[{"embeddable":true,"href":"https:\/\/securityhnos.com.ar\/home\/wp-json\/wp\/v2\/users\/1"}],"replies":[{"embeddable":true,"href":"https:\/\/securityhnos.com.ar\/home\/wp-json\/wp\/v2\/comments?post=7931"}],"version-history":[{"count":1,"href":"https:\/\/securityhnos.com.ar\/home\/wp-json\/wp\/v2\/pages\/7931\/revisions"}],"predecessor-version":[{"id":7932,"href":"https:\/\/securityhnos.com.ar\/home\/wp-json\/wp\/v2\/pages\/7931\/revisions\/7932"}],"wp:attachment":[{"href":"https:\/\/securityhnos.com.ar\/home\/wp-json\/wp\/v2\/media?parent=7931"}],"curies":[{"name":"wp","href":"https:\/\/api.w.org\/{rel}","templated":true}]}}