{"id":7893,"date":"2026-03-05T11:43:35","date_gmt":"2026-03-05T14:43:35","guid":{"rendered":"https:\/\/securityhnos.com.ar\/home\/?page_id=7893"},"modified":"2026-03-09T10:37:18","modified_gmt":"2026-03-09T13:37:18","slug":"certificaciones","status":"publish","type":"page","link":"https:\/\/securityhnos.com.ar\/home\/certificaciones\/","title":{"rendered":"Certificaciones"},"content":{"rendered":"<div class=\"fusion-fullwidth fullwidth-box fusion-builder-row-1 fusion-flex-container has-pattern-background has-mask-background nonhundred-percent-fullwidth non-hundred-percent-height-scrolling\" style=\"--awb-border-radius-top-left:0px;--awb-border-radius-top-right:0px;--awb-border-radius-bottom-right:0px;--awb-border-radius-bottom-left:0px;--awb-padding-top:60px;--awb-padding-bottom:80px;--awb-padding-top-small:20px;--awb-background-color:var(--awb-color1);--awb-flex-wrap:wrap;\" ><div class=\"fusion-builder-row fusion-row fusion-flex-align-items-flex-start fusion-flex-justify-content-center fusion-flex-content-wrap\" style=\"max-width:calc( 1200px + 0px );margin-left: calc(-0px \/ 2 );margin-right: calc(-0px \/ 2 );\"><div class=\"fusion-layout-column fusion_builder_column fusion-builder-column-0 fusion_builder_column_1_1 1_1 fusion-flex-column\" style=\"--awb-bg-blend:overlay;--awb-bg-size:cover;--awb-width-large:100%;--awb-margin-top-large:0px;--awb-spacing-right-large:0px;--awb-margin-bottom-large:80px;--awb-spacing-left-large:0px;--awb-width-medium:100%;--awb-order-medium:0;--awb-spacing-right-medium:0px;--awb-spacing-left-medium:0px;--awb-width-small:100%;--awb-order-small:0;--awb-spacing-right-small:0px;--awb-spacing-left-small:0px;\" data-scroll-devices=\"small-visibility,medium-visibility,large-visibility\"><div class=\"fusion-column-wrapper fusion-column-has-shadow fusion-flex-justify-content-flex-start fusion-content-layout-column\"><div class=\"fusion-title title fusion-title-1 fusion-sep-none fusion-title-center fusion-title-text fusion-title-size-two\"><h2 class=\"fusion-title-heading title-heading-center fusion-responsive-typography-calculated\" style=\"margin:0;--fontSize:38;line-height:1.4;\">CERTIFICACI\u00d3N ISO 9001:2015<\/h2><\/div><div class=\"fusion-separator fusion-full-width-sep\" style=\"align-self: center;margin-left: auto;margin-right: auto;margin-top:30px;width:100%;\"><\/div><div class=\"fusion-text fusion-text-1 awb-text-cols fusion-text-columns-2\" style=\"--awb-columns:2;--awb-column-spacing:2em;--awb-column-min-width:100px;\"><p><span style=\"color: #000000;\">En\u00a0<strong>Security Hnos.<\/strong>\u00a0Contamos con un\u00a0<strong>Sistema de Gesti\u00f3n de la Calidad<\/strong>\u00a0certificado bajo la norma\u00a0<strong>ISO 9001:2015<\/strong>, otorgado por\u00a0<strong>IRAM<\/strong>\u00a0y con reconocimiento internacional de\u00a0<strong>IQNET<\/strong>.<\/span><\/p>\n<p><span style=\"color: #000000;\">Esta certificaci\u00f3n avala nuestro compromiso con la calidad, la mejora continua y la implementaci\u00f3n de procesos eficientes, alineados con est\u00e1ndares internacionales.<\/span><\/p>\n<p><span style=\"color: #000000;\">Trabajar bajo este sistema nos permite optimizar cada etapa, fortalecer el control de nuestros procesos y desarrollar productos y servicios que respondan de manera consistente a las necesidades de nuestros clientes.<\/span><\/p>\n<p><span style=\"color: #000000;\">La norma\u00a0<strong>ISO 9001:2015<\/strong>\u00a0respalda una forma de trabajo basada en la organizaci\u00f3n, la trazabilidad y la mejora permanente, \u00e9stos son pilares fundamentales de nuestra gesti\u00f3n para garantizar\u00a0el cumplimiento de est\u00e1ndares internacionales de calidad.<\/span><\/p>\n<\/div><\/div><\/div><div class=\"fusion-layout-column fusion_builder_column fusion-builder-column-1 fusion_builder_column_1_2 1_2 fusion-flex-column\" style=\"--awb-bg-size:cover;--awb-width-large:50%;--awb-margin-top-large:0px;--awb-spacing-right-large:0px;--awb-margin-bottom-large:20px;--awb-spacing-left-large:0px;--awb-width-medium:100%;--awb-order-medium:0;--awb-spacing-right-medium:0px;--awb-spacing-left-medium:0px;--awb-width-small:100%;--awb-order-small:0;--awb-spacing-right-small:0px;--awb-spacing-left-small:0px;\"><div class=\"fusion-column-wrapper fusion-column-has-shadow fusion-flex-justify-content-flex-start fusion-content-layout-column\"><div class=\"fusion-image-element \" style=\"--awb-caption-title-font-family:var(--h2_typography-font-family);--awb-caption-title-font-weight:var(--h2_typography-font-weight);--awb-caption-title-font-style:var(--h2_typography-font-style);--awb-caption-title-size:var(--h2_typography-font-size);--awb-caption-title-transform:var(--h2_typography-text-transform);--awb-caption-title-line-height:var(--h2_typography-line-height);--awb-caption-title-letter-spacing:var(--h2_typography-letter-spacing);\"><span class=\" fusion-imageframe imageframe-none imageframe-1 hover-type-none\"><img decoding=\"async\" width=\"566\" height=\"800\" title=\"SECURITY-HNOS.-S.R.L-9000-iram\" src=\"https:\/\/securityhnos.com.ar\/home\/wp-content\/uploads\/2026\/03\/SECURITY-HNOS.-S.R.L-9000-iram.jpg\" data-orig-src=\"https:\/\/securityhnos.com.ar\/home\/wp-content\/uploads\/2026\/03\/SECURITY-HNOS.-S.R.L-9000-iram.jpg\" alt class=\"lazyload img-responsive wp-image-7898\" srcset=\"data:image\/svg+xml,%3Csvg%20xmlns%3D%27http%3A%2F%2Fwww.w3.org%2F2000%2Fsvg%27%20width%3D%27566%27%20height%3D%27800%27%20viewBox%3D%270%200%20566%20800%27%3E%3Crect%20width%3D%27566%27%20height%3D%27800%27%20fill-opacity%3D%220%22%2F%3E%3C%2Fsvg%3E\" data-srcset=\"https:\/\/securityhnos.com.ar\/home\/wp-content\/uploads\/2026\/03\/SECURITY-HNOS.-S.R.L-9000-iram-200x283.jpg 200w, https:\/\/securityhnos.com.ar\/home\/wp-content\/uploads\/2026\/03\/SECURITY-HNOS.-S.R.L-9000-iram-400x565.jpg 400w, https:\/\/securityhnos.com.ar\/home\/wp-content\/uploads\/2026\/03\/SECURITY-HNOS.-S.R.L-9000-iram.jpg 566w\" data-sizes=\"auto\" data-orig-sizes=\"(max-width: 1024px) 100vw, (max-width: 640px) 100vw, 566px\" \/><\/span><\/div><\/div><\/div><div class=\"fusion-layout-column fusion_builder_column fusion-builder-column-2 fusion_builder_column_1_2 1_2 fusion-flex-column\" style=\"--awb-bg-size:cover;--awb-width-large:50%;--awb-margin-top-large:0px;--awb-spacing-right-large:0px;--awb-margin-bottom-large:20px;--awb-spacing-left-large:0px;--awb-width-medium:100%;--awb-order-medium:0;--awb-spacing-right-medium:0px;--awb-spacing-left-medium:0px;--awb-width-small:100%;--awb-order-small:0;--awb-spacing-right-small:0px;--awb-spacing-left-small:0px;\"><div class=\"fusion-column-wrapper fusion-column-has-shadow fusion-flex-justify-content-flex-start fusion-content-layout-column\"><div class=\"fusion-image-element \" style=\"--awb-caption-title-font-family:var(--h2_typography-font-family);--awb-caption-title-font-weight:var(--h2_typography-font-weight);--awb-caption-title-font-style:var(--h2_typography-font-style);--awb-caption-title-size:var(--h2_typography-font-size);--awb-caption-title-transform:var(--h2_typography-text-transform);--awb-caption-title-line-height:var(--h2_typography-line-height);--awb-caption-title-letter-spacing:var(--h2_typography-letter-spacing);\"><span class=\" fusion-imageframe imageframe-none imageframe-2 hover-type-none\"><img decoding=\"async\" width=\"566\" height=\"800\" title=\"SECURITY-HNOS.-S.R.L-9000-iqnet\" src=\"https:\/\/securityhnos.com.ar\/home\/wp-content\/uploads\/2026\/03\/SECURITY-HNOS.-S.R.L-9000-iqnet.jpg\" data-orig-src=\"https:\/\/securityhnos.com.ar\/home\/wp-content\/uploads\/2026\/03\/SECURITY-HNOS.-S.R.L-9000-iqnet.jpg\" alt class=\"lazyload img-responsive wp-image-7897\" srcset=\"data:image\/svg+xml,%3Csvg%20xmlns%3D%27http%3A%2F%2Fwww.w3.org%2F2000%2Fsvg%27%20width%3D%27566%27%20height%3D%27800%27%20viewBox%3D%270%200%20566%20800%27%3E%3Crect%20width%3D%27566%27%20height%3D%27800%27%20fill-opacity%3D%220%22%2F%3E%3C%2Fsvg%3E\" data-srcset=\"https:\/\/securityhnos.com.ar\/home\/wp-content\/uploads\/2026\/03\/SECURITY-HNOS.-S.R.L-9000-iqnet-200x283.jpg 200w, https:\/\/securityhnos.com.ar\/home\/wp-content\/uploads\/2026\/03\/SECURITY-HNOS.-S.R.L-9000-iqnet-400x565.jpg 400w, https:\/\/securityhnos.com.ar\/home\/wp-content\/uploads\/2026\/03\/SECURITY-HNOS.-S.R.L-9000-iqnet.jpg 566w\" data-sizes=\"auto\" data-orig-sizes=\"(max-width: 1024px) 100vw, (max-width: 640px) 100vw, 566px\" \/><\/span><\/div><\/div><\/div><\/div><\/div>\n","protected":false},"excerpt":{"rendered":"","protected":false},"author":1,"featured_media":0,"parent":0,"menu_order":0,"comment_status":"closed","ping_status":"closed","template":"100-width.php","meta":{"footnotes":""},"class_list":["post-7893","page","type-page","status-publish","hentry"],"_links":{"self":[{"href":"https:\/\/securityhnos.com.ar\/home\/wp-json\/wp\/v2\/pages\/7893","targetHints":{"allow":["GET"]}}],"collection":[{"href":"https:\/\/securityhnos.com.ar\/home\/wp-json\/wp\/v2\/pages"}],"about":[{"href":"https:\/\/securityhnos.com.ar\/home\/wp-json\/wp\/v2\/types\/page"}],"author":[{"embeddable":true,"href":"https:\/\/securityhnos.com.ar\/home\/wp-json\/wp\/v2\/users\/1"}],"replies":[{"embeddable":true,"href":"https:\/\/securityhnos.com.ar\/home\/wp-json\/wp\/v2\/comments?post=7893"}],"version-history":[{"count":9,"href":"https:\/\/securityhnos.com.ar\/home\/wp-json\/wp\/v2\/pages\/7893\/revisions"}],"predecessor-version":[{"id":7905,"href":"https:\/\/securityhnos.com.ar\/home\/wp-json\/wp\/v2\/pages\/7893\/revisions\/7905"}],"wp:attachment":[{"href":"https:\/\/securityhnos.com.ar\/home\/wp-json\/wp\/v2\/media?parent=7893"}],"curies":[{"name":"wp","href":"https:\/\/api.w.org\/{rel}","templated":true}]}}