{"id":3,"date":"2025-06-19T19:03:46","date_gmt":"2025-06-19T19:03:46","guid":{"rendered":"https:\/\/securityhnos.com.ar\/home\/?page_id=3"},"modified":"2026-04-16T15:40:31","modified_gmt":"2026-04-16T18:40:31","slug":"politica-de-privacidad","status":"publish","type":"page","link":"https:\/\/securityhnos.com.ar\/home\/politica-de-privacidad\/","title":{"rendered":"Pol\u00edtica de privacidad"},"content":{"rendered":"<p><\/p>\r\n<p class=\"wp-block-heading\">Los datos que compart\u00eds a trav\u00e9s de este sitio ser\u00e1n utilizados exclusivamente para responder consultas, gestionar contactos comerciales y mejorar la experiencia de navegaci\u00f3n. Pod\u00e9s solicitar el acceso, rectificaci\u00f3n o supresi\u00f3n de tus datos escribiendo a info@securityhnos.com.<\/p>\r\n<p>&nbsp;<\/p>\r\n<p>&nbsp;<\/p>","protected":false},"excerpt":{"rendered":"<p>Los datos que compart\u00eds a trav\u00e9s de este sitio ser\u00e1n utilizados exclusivamente para responder<\/p>\n","protected":false},"author":1,"featured_media":0,"parent":0,"menu_order":0,"comment_status":"closed","ping_status":"open","template":"","meta":{"footnotes":""},"class_list":["post-3","page","type-page","status-publish","hentry"],"_links":{"self":[{"href":"https:\/\/securityhnos.com.ar\/home\/wp-json\/wp\/v2\/pages\/3","targetHints":{"allow":["GET"]}}],"collection":[{"href":"https:\/\/securityhnos.com.ar\/home\/wp-json\/wp\/v2\/pages"}],"about":[{"href":"https:\/\/securityhnos.com.ar\/home\/wp-json\/wp\/v2\/types\/page"}],"author":[{"embeddable":true,"href":"https:\/\/securityhnos.com.ar\/home\/wp-json\/wp\/v2\/users\/1"}],"replies":[{"embeddable":true,"href":"https:\/\/securityhnos.com.ar\/home\/wp-json\/wp\/v2\/comments?post=3"}],"version-history":[{"count":1,"href":"https:\/\/securityhnos.com.ar\/home\/wp-json\/wp\/v2\/pages\/3\/revisions"}],"predecessor-version":[{"id":7929,"href":"https:\/\/securityhnos.com.ar\/home\/wp-json\/wp\/v2\/pages\/3\/revisions\/7929"}],"wp:attachment":[{"href":"https:\/\/securityhnos.com.ar\/home\/wp-json\/wp\/v2\/media?parent=3"}],"curies":[{"name":"wp","href":"https:\/\/api.w.org\/{rel}","templated":true}]}}