{"id":1066,"date":"2021-02-26T16:05:30","date_gmt":"2021-02-26T16:05:30","guid":{"rendered":"https:\/\/avadawebsites.wpengine.com\/retail\/?page_id=1066"},"modified":"2025-07-21T23:51:11","modified_gmt":"2025-07-21T23:51:11","slug":"cart","status":"publish","type":"page","link":"https:\/\/securityhnos.com.ar\/home\/cart\/","title":{"rendered":"Cart"},"content":{"rendered":"<p><div class=\"fusion-fullwidth fullwidth-box fusion-builder-row-1 fusion-flex-container nonhundred-percent-fullwidth non-hundred-percent-height-scrolling\" style=\"--link_hover_color: #b9b58d;--awb-border-sizes-top:0px;--awb-border-sizes-bottom:0px;--awb-border-sizes-left:0px;--awb-border-sizes-right:0px;--awb-border-radius-top-left:0px;--awb-border-radius-top-right:0px;--awb-border-radius-bottom-right:0px;--awb-border-radius-bottom-left:0px;--awb-padding-top:60px;--awb-padding-right:30px;--awb-padding-bottom:60px;--awb-padding-left:30px;--awb-margin-top:0px;--awb-margin-bottom:0px;--awb-flex-wrap:wrap;\" ><div class=\"fusion-builder-row fusion-row fusion-flex-align-items-flex-start fusion-flex-justify-content-center fusion-flex-content-wrap\" style=\"max-width:calc( 1200px + 40px );margin-left: calc(-40px \/ 2 );margin-right: calc(-40px \/ 2 );\"><div class=\"fusion-layout-column fusion_builder_column fusion-builder-column-0 fusion_builder_column_1_1 1_1 fusion-flex-column\" style=\"--awb-bg-size:cover;--awb-width-large:100%;--awb-margin-top-large:0px;--awb-spacing-right-large:20px;--awb-margin-bottom-large:20px;--awb-spacing-left-large:20px;--awb-width-medium:100%;--awb-order-medium:0;--awb-spacing-right-medium:20px;--awb-spacing-left-medium:20px;--awb-width-small:100%;--awb-order-small:0;--awb-spacing-right-small:20px;--awb-spacing-left-small:20px;\"><div class=\"fusion-column-wrapper fusion-column-has-shadow fusion-flex-justify-content-flex-start fusion-content-layout-column\">\t\t\t\t\t<div class=\"fusion-woo-cart_table-wrapper\">\n\t\t\t\t\t\t\t\t\t\t<form class=\"woocommerce-cart-form woocommerce\" action=\"https:\/\/securityhnos.com.ar\/home\/cart\/\" method=\"post\">\n\t\t\t\t\t\t\t\t\t\t<table class=\"shop_table shop_table_responsive cart woocommerce-cart-form__contents fusion-woo-cart_table fusion-woo-cart_table-1\" cellspacing=\"0\">\n\t\t\t\t\t\t\t\t\t\t\t<thead>\n\t\t\t\t\t<tr>\n\t\t\t\t\t\t\t\t\t\t\t\t\t\t\t\t\t\t\t\t\t<th class=\"product-name\">Producto<\/th>\n\t\t\t\t\t\t\t\t\t\t\t\t\t\t\t\t\t\t\t\t\t\t\t\t\t\t\t\t\t<th class=\"product-price\">Price<\/th>\n\t\t\t\t\t\t\t\t\t\t\t\t\t\t\t\t\t\t\t\t\t\t\t\t\t\t\t\t\t<th class=\"product-quantity\">Cantidad<\/th>\n\t\t\t\t\t\t\t\t\t\t\t\t\t\t\t\t\t\t\t\t\t\t\t\t\t\t\t\t\t<th class=\"product-subtotal\">Subtotal<\/th>\n\t\t\t\t\t\t\t\t\t\t\t\t\t\t\t\t\t\t\t\t\t\t\t\t\t\t\t\t\t<th class=\"product-remove\"><span class=\"screen-reader-text\">Eliminar art\u00edculo<\/span><\/th>\n\t\t\t\t\t\t\t\t\t\t\t\t\t\t\t\t\t\t<\/tr>\n\t\t\t\t\t<\/thead>\n\t\t\t\t\t\t\t\t\t\t\t\t\t\t\t\t<tr class=\"avada-cart-actions\">\n\t\t\t\t\t\t\t<td class=\"actions\">\n\t\t\t\t\t\t\t\t\t\t\t\t\t\t\t\t\t<div class=\"coupon\">\n\t\t\t\t\t\t\t\t\t\t<label for=\"coupon_code\">Cup\u00f3n:<\/label>\n\t\t\t\t\t\t\t\t\t\t<input type=\"text\" name=\"coupon_code\" class=\"input-text\" id=\"coupon_code\" value=\"\" placeholder=\"C\u00f3digo de cup\u00f3n\" \/> <button type=\"submit\" class=\"button\" name=\"apply_coupon\" value=\"Aplicar cup\u00f3n\">Aplicar cup\u00f3n<\/button>\n\t\t\t\t\t\t\t\t\t\t\t\t\t\t\t\t\t\t\t<\/div>\n\t\t\t\t\t\t\t\t\t\t\t\t\t\t\t\t\t\t\t\t\t\t\t\t<button type=\"submit\" class=\"button\" name=\"update_cart\">\n\t\t\t\t\t\t\t\tActualizar carrito<\/button>\n\t\t\t\t\t\t\t\t<input type=\"hidden\" id=\"woocommerce-cart-nonce\" name=\"woocommerce-cart-nonce\" value=\"2b239a8e2c\" \/><input type=\"hidden\" name=\"_wp_http_referer\" value=\"\/home\/wp-json\/wp\/v2\/pages\/1066\" \/>\t\t\t\t\t\t\t<\/td>\n\t\t\t\t\t\t<\/tr>\n\t\t\t\t\t\t\t\t\t\t\t<\/table>\n\n\t\t\t\t\t<\/form>\n\t\t\t\t\t<\/div>\n\t\t\t\t\t<\/div><\/div><div class=\"fusion-layout-column fusion_builder_column fusion-builder-column-1 fusion_builder_column_1_1 1_1 fusion-flex-column\" style=\"--awb-bg-size:cover;--awb-width-large:100%;--awb-margin-top-large:0px;--awb-spacing-right-large:20px;--awb-margin-bottom-large:60px;--awb-spacing-left-large:20px;--awb-width-medium:100%;--awb-order-medium:0;--awb-spacing-right-medium:20px;--awb-spacing-left-medium:20px;--awb-width-small:100%;--awb-order-small:0;--awb-spacing-right-small:20px;--awb-spacing-left-small:20px;\"><div class=\"fusion-column-wrapper fusion-column-has-shadow fusion-flex-justify-content-space-evenly fusion-content-layout-row\"><div ><a class=\"fusion-button button-flat fusion-button-default-size button-default fusion-button-default button-1 fusion-button-default-span fusion-button-default-type\" target=\"_self\" href=\"#wcq-quote-form\"><span class=\"fusion-button-text awb-button__text awb-button__text--default\">FINALIZAR COMPRA<\/span><\/a><\/div><div ><a class=\"fusion-button button-flat fusion-button-default-size button-default fusion-button-default button-2 fusion-button-default-span fusion-button-default-type\" target=\"_self\" href=\"https:\/\/securityhnos.com.ar\/home\/shop\/\"><span class=\"fusion-button-text awb-button__text awb-button__text--default\">SEGUIR COMPRANDO<\/span><\/a><\/div><\/div><\/div><div class=\"fusion-layout-column fusion_builder_column fusion-builder-column-2 fusion_builder_column_1_1 1_1 fusion-flex-column aditional_info\" style=\"--awb-padding-top:50px;--awb-padding-right:50px;--awb-padding-bottom:50px;--awb-padding-left:50px;--awb-overflow:hidden;--awb-bg-color:#f5f7f6;--awb-bg-color-hover:#f5f7f6;--awb-bg-position:center center;--awb-bg-size:cover;--awb-border-color:var(--awb-color3);--awb-border-style:solid;--awb-border-radius:25px 25px 25px 25px;--awb-width-large:100%;--awb-margin-top-large:0px;--awb-spacing-right-large:20px;--awb-margin-bottom-large:0px;--awb-spacing-left-large:20px;--awb-width-medium:33.333333333333%;--awb-order-medium:0;--awb-spacing-right-medium:20px;--awb-spacing-left-medium:20px;--awb-width-small:100%;--awb-order-small:0;--awb-spacing-right-small:20px;--awb-spacing-left-small:20px;\" data-scroll-devices=\"small-visibility,medium-visibility,large-visibility\"><div class=\"fusion-column-wrapper fusion-column-has-shadow fusion-flex-justify-content-flex-start fusion-content-layout-column\"><ul style=\"--awb-size:30px;--awb-iconcolor:#8c8e8d;--awb-textcolor:#8c8e8d;--awb-line-height:51px;--awb-icon-width:51px;--awb-icon-height:51px;--awb-icon-margin:21px;--awb-content-margin:72px;\" class=\"fusion-checklist fusion-checklist-1 fusion-checklist-default type-icons\"><li class=\"fusion-li-item\" style=\"--awb-iconcolor:#8c8e8d;\"><span class=\"icon-wrapper circle-no\"><i class=\"fusion-li-icon retail-info\" aria-hidden=\"true\"><\/i><\/span><div class=\"fusion-li-item-content\">LEER ATENTAMENTE ANTES DE REALIZAR EL PEDIDO<\/div><\/li><\/ul><div class=\"fusion-text fusion-text-1\" style=\"--awb-text-color:#8c8e8d;\"><ul>\n<li>Un ejecutivo de ventas se contactar\u00e1 con usted para confirmar el pedido al email o al tel\u00e9fono ingresados. De ser necesario contactarse a otros medios por favos especificarlo en el campo Comentarios.<\/li>\n<li>El pedido ser\u00e1 facturado una vez que est\u00e9 listo para despacho. La forma de pago ser\u00e1 a convenir entre el cliente y Security Hnos.<\/li>\n<li>El pedido tiene una validez de 48hs h\u00e1biles.<\/li>\n<li>Una vez confirmado el pedido, Security Hnos podr\u00e1 informar modificaciones sujetas a disponibilidad u otras especificaciones dentro de las siguientes 48hs h\u00e1biles.<\/li>\n<\/ul>\n<\/div><\/div><\/div><\/div><\/div>\n<div class=\"fusion-fullwidth fullwidth-box fusion-builder-row-2 fusion-flex-container has-pattern-background has-mask-background nonhundred-percent-fullwidth non-hundred-percent-height-scrolling\" style=\"--awb-border-radius-top-left:0px;--awb-border-radius-top-right:0px;--awb-border-radius-bottom-right:0px;--awb-border-radius-bottom-left:0px;--awb-flex-wrap:wrap;\" ><div class=\"fusion-builder-row fusion-row fusion-flex-align-items-flex-start fusion-flex-content-wrap\" style=\"max-width:1248px;margin-left: calc(-4% \/ 2 );margin-right: calc(-4% \/ 2 );\"><div class=\"fusion-layout-column fusion_builder_column fusion-builder-column-3 fusion_builder_column_1_1 1_1 fusion-flex-column\" style=\"--awb-bg-size:cover;--awb-width-large:100%;--awb-margin-top-large:0px;--awb-spacing-right-large:1.92%;--awb-margin-bottom-large:20px;--awb-spacing-left-large:1.92%;--awb-width-medium:100%;--awb-order-medium:0;--awb-spacing-right-medium:1.92%;--awb-spacing-left-medium:1.92%;--awb-width-small:100%;--awb-order-small:0;--awb-spacing-right-small:1.92%;--awb-spacing-left-small:1.92%;\"><div class=\"fusion-column-wrapper fusion-column-has-shadow fusion-flex-justify-content-flex-start fusion-content-layout-column\">        <div class=\"wcq-quote-form\" id=\"wcq-quote-form\">\n            <h3 class=\"wcq-title\">Solicit\u00e1 tu presupuesto<\/h3>\n            <div class=\"wcq-fields\">\n                <div class=\"form-floating mb-1\">\n                    <input type=\"text\" class=\"wcq-input wcq-full-name form-control\" placeholder=\"Nombre y apellido*\" required \/>\n                    <label for=\"nombre\">Nombre y apellido <span class=\"text-danger\">*<\/span><\/label>\n                <\/div>\n                <div class=\"form-floating mb-1\">\n                    <input type=\"email\" class=\"wcq-input wcq-email form-control\" placeholder=\"Email*\" required \/>\n                    <label for=\"email\">Email <span class=\"text-danger\">*<\/span><\/label>\n                <\/div>\n                <div class=\"form-floating mb-1\">\n                    <input type=\"tel\" class=\"wcq-input wcq-phone form-control\" placeholder=\"Tel\u00e9fono*\" required \/>\n                    <label for=\"tel\">Tel\u00e9fono <span class=\"text-danger\">*<\/span><\/label>\n                <\/div>\n                <div class=\"form-floating mb-1\">\n                    <input type=\"text\" class=\"wcq-input wcq-comment form-control\" placeholder=\"Comentarios\" \/>\n                    <label for=\"comment\">Comentarios<\/label>\n                <\/div>\n                <label class=\"wcq-checkbox-label d-flex align-items-center gap-3\">\n                    <input type=\"checkbox\" class=\"wcq-checkbox wcq-is-company\" \/> Es empresa\n                <\/label>\n                <div class=\"wcq-cuit-wrapper form-floating mb-1\" style=\"display:none;\">\n                    <input type=\"text\" class=\"wcq-input wcq-cuit form-control\" placeholder=\"CUIT de la empresa\" \/>\n                    <label for=\"cuit\">CUIT de la empresa<\/label>\n                <\/div>\n            <\/div>\n            <button type=\"button\" class=\"wcq-button\">\n                REALIZAR PEDIDO\n                <span class=\"wcq-button-icon\">\u2192<\/span>\n            <\/button>\n            <div class=\"wcq-message\" style=\"display:none;\"><\/div>\n        <\/div>\n<\/div><\/div><\/div><\/div><\/p>\n","protected":false},"excerpt":{"rendered":"","protected":false},"author":1,"featured_media":0,"parent":0,"menu_order":0,"comment_status":"closed","ping_status":"closed","template":"100-width.php","meta":{"footnotes":""},"class_list":["post-1066","page","type-page","status-publish","hentry"],"_links":{"self":[{"href":"https:\/\/securityhnos.com.ar\/home\/wp-json\/wp\/v2\/pages\/1066","targetHints":{"allow":["GET"]}}],"collection":[{"href":"https:\/\/securityhnos.com.ar\/home\/wp-json\/wp\/v2\/pages"}],"about":[{"href":"https:\/\/securityhnos.com.ar\/home\/wp-json\/wp\/v2\/types\/page"}],"author":[{"embeddable":true,"href":"https:\/\/securityhnos.com.ar\/home\/wp-json\/wp\/v2\/users\/1"}],"replies":[{"embeddable":true,"href":"https:\/\/securityhnos.com.ar\/home\/wp-json\/wp\/v2\/comments?post=1066"}],"version-history":[{"count":39,"href":"https:\/\/securityhnos.com.ar\/home\/wp-json\/wp\/v2\/pages\/1066\/revisions"}],"predecessor-version":[{"id":4873,"href":"https:\/\/securityhnos.com.ar\/home\/wp-json\/wp\/v2\/pages\/1066\/revisions\/4873"}],"wp:attachment":[{"href":"https:\/\/securityhnos.com.ar\/home\/wp-json\/wp\/v2\/media?parent=1066"}],"curies":[{"name":"wp","href":"https:\/\/api.w.org\/{rel}","templated":true}]}}